{"id":2979,"date":"2025-02-02T03:50:11","date_gmt":"2025-02-02T08:50:11","guid":{"rendered":"https:\/\/giovanettihome.ch\/die-methode-giovanetti-home\/"},"modified":"2025-04-08T08:27:03","modified_gmt":"2025-04-08T12:27:03","slug":"die-methode-giovanetti-home","status":"publish","type":"page","link":"https:\/\/giovanettihome.ch\/de\/die-methode-giovanetti-home\/","title":{"rendered":"Die Methode Giovanetti Home"},"content":{"rendered":"\t\t<div data-elementor-type=\"wp-page\" data-elementor-id=\"2979\" class=\"elementor elementor-2979 elementor-1230\" data-elementor-post-type=\"page\">\n\t\t\t\t<div class=\"elementor-element elementor-element-0ff89b8 e-flex e-con-boxed e-con e-parent\" data-id=\"0ff89b8\" data-element_type=\"container\" data-e-type=\"container\" data-settings=\"{&quot;background_background&quot;:&quot;classic&quot;}\">\n\t\t\t\t\t<div class=\"e-con-inner\">\n\t\t<div class=\"elementor-element elementor-element-fe7268e e-con-full e-flex e-con e-child\" data-id=\"fe7268e\" data-element_type=\"container\" data-e-type=\"container\">\n\t\t<div class=\"elementor-element elementor-element-483079f e-con-full e-flex e-con e-child\" data-id=\"483079f\" data-element_type=\"container\" data-e-type=\"container\">\n\t\t\t\t<div class=\"elementor-element elementor-element-4cc7930 elementor-widget elementor-widget-spacer\" data-id=\"4cc7930\" data-element_type=\"widget\" data-e-type=\"widget\" data-widget_type=\"spacer.default\">\n\t\t\t\t<div class=\"elementor-widget-container\">\n\t\t\t\t\t\t\t<div class=\"elementor-spacer\">\n\t\t\t<div class=\"elementor-spacer-inner\"><\/div>\n\t\t<\/div>\n\t\t\t\t\t\t<\/div>\n\t\t\t\t<\/div>\n\t\t\t\t<div class=\"elementor-element elementor-element-288056d elementor-widget elementor-widget-text-editor\" data-id=\"288056d\" data-element_type=\"widget\" data-e-type=\"widget\" data-widget_type=\"text-editor.default\">\n\t\t\t\t<div class=\"elementor-widget-container\">\n\t\t\t\t\t\t\t\t\t<p><span style=\"color: #000000\"><b>DIE<\/b> <b>METHODE<\/b> <b>JUNGE<\/b> <b>HOME<\/b><\/span><\/p>\n<p><span style=\"color: #000000\">Wir haben einen innovativen Ansatz entwickelt, um Ihr ideales Zuhause zu bauen, indem wir die F\u00e4higkeiten eines multidisziplin\u00e4ren Teams aus Life Coaches, Architekten, Innenarchitekten, Planern, Handwerkern und Installateuren kombinieren. So k\u00f6nnen wir Ihnen einen schl\u00fcsselfertigen Service anbieten. <\/span><\/p>\n<p><span style=\"color: #000000\">Mit unseren kompletten Modellen k\u00f6nnen Sie sich jedes Detail Ihres zuk\u00fcnftigen Zuhauses ansehen. Der Gesamt\u00fcberblick ist entscheidend: Wir pr\u00e4sentieren jedes Element &#8211; vom Boden \u00fcber die Einrichtung bis hin zur Farbe der W\u00e4nde &#8211; anhand von Bildern, die zeigen, wie sie zusammenpassen. So k\u00f6nnen Sie die Gef\u00fchle, die das Endergebnis hervorruft, besser einsch\u00e4tzen. <\/span><\/p>\n<p><span style=\"color: #000000\">  Diese Methode verringert das Risiko der Unzufriedenheit, das bei der Auswahl von Elementen, die man individuell sieht und sich in seinem eigenen Haus vorstellt, h\u00e4ufig besteht.<\/span><\/p>\n<p><span style=\"color: #000000\">Unser Prozess ist flexibel und passt sich Ihren Bed\u00fcrfnissen an und umfasst mehrere Schritte:<\/span><\/p>\n<p><span style=\"color: #000000\"><strong>1. Aufmerksames Zuh\u00f6ren:<\/strong> Der Life Coach und der Architekt analysieren Ihre Bed\u00fcrfnisse und Erwartungen.<\/span><\/p>\n<p><span style=\"color: #000000\"><strong>2. Profiling<\/strong>: Wir nehmen uns Zeit, um Ihre Pers\u00f6nlichkeit und Ihre W\u00fcnsche kennenzulernen.<\/span><\/p>\n<p><span style=\"color: #000000\"><strong>3. Studie und Vergleich<\/strong>: Wir arbeiten zusammen, um die besten Optionen und L\u00f6sungen f\u00fcr Ihren Lebensstil zu finden.<\/span><\/p>\n<p><span style=\"color: #000000\"><strong>4. Entw\u00fcrfe und Renderings<\/strong>: Wir erstellen detaillierte Entw\u00fcrfe und Renderings, um das Endergebnis klar zu visualisieren.<\/span><\/p>\n<p><span style=\"color: #000000\"><strong>5. Vollst\u00e4ndiger Entwurf<\/strong>: Wir entwickeln den endg\u00fcltigen Entwurf, wobei wir Kosten und Zeitaufwand absch\u00e4tzen.<\/span><\/p>\n<p><span style=\"color: #000000\"><strong>6. Realisierung<\/strong>: Wir f\u00fchren den Bau p\u00fcnktlich und im Rahmen des Budgets durch.<\/span><\/p>\n<p><span style=\"color: #000000\">Zusammenfassend l\u00e4sst sich sagen, dass unsere kooperative und ma\u00dfgeschneiderte Methode es Ihnen erm\u00f6glicht, ein Haus zu schaffen, das Ihren einzigartigen Bed\u00fcrfnissen entspricht. Mit Giovanetti Homeentscheiden Sie sich nicht nur f\u00fcr ein Haus, sondern f\u00fcr eine Umgebung, die Ihre Identit\u00e4t und Ihren Lebensstil auf exklusive Weise widerspiegelt. <\/span><\/p>\t\t\t\t\t\t\t\t<\/div>\n\t\t\t\t<\/div>\n\t\t\t\t<\/div>\n\t\t<div class=\"elementor-element elementor-element-47ef9a1 e-con-full e-flex e-con e-child\" data-id=\"47ef9a1\" data-element_type=\"container\" data-e-type=\"container\" data-settings=\"{&quot;background_background&quot;:&quot;classic&quot;}\">\n\t\t\t\t<\/div>\n\t\t\t\t<\/div>\n\t\t\t\t\t<\/div>\n\t\t\t\t<\/div>\n\t\t\t\t<\/div>\n\t\t","protected":false},"excerpt":{"rendered":"<p>DIE METHODE JUNGE HOME Wir haben einen innovativen Ansatz entwickelt, um Ihr ideales Zuhause zu bauen, indem wir die F\u00e4higkeiten eines multidisziplin\u00e4ren Teams aus Life Coaches, Architekten, Innenarchitekten, Planern, Handwerkern und Installateuren kombinieren. So k\u00f6nnen wir Ihnen einen schl\u00fcsselfertigen Service anbieten. Mit unseren kompletten Modellen k\u00f6nnen Sie sich jedes Detail Ihres zuk\u00fcnftigen Zuhauses ansehen. Der [&hellip;]<\/p>\n","protected":false},"author":10230,"featured_media":0,"parent":0,"menu_order":0,"comment_status":"closed","ping_status":"closed","template":"elementor_header_footer","meta":{"_seopress_robots_primary_cat":"","_seopress_titles_title":"","_seopress_titles_desc":"","_seopress_robots_index":"","footnotes":""},"class_list":["post-2979","page","type-page","status-publish","hentry"],"_links":{"self":[{"href":"https:\/\/giovanettihome.ch\/de\/wp-json\/wp\/v2\/pages\/2979","targetHints":{"allow":["GET"]}}],"collection":[{"href":"https:\/\/giovanettihome.ch\/de\/wp-json\/wp\/v2\/pages"}],"about":[{"href":"https:\/\/giovanettihome.ch\/de\/wp-json\/wp\/v2\/types\/page"}],"author":[{"embeddable":true,"href":"https:\/\/giovanettihome.ch\/de\/wp-json\/wp\/v2\/users\/10230"}],"replies":[{"embeddable":true,"href":"https:\/\/giovanettihome.ch\/de\/wp-json\/wp\/v2\/comments?post=2979"}],"version-history":[{"count":0,"href":"https:\/\/giovanettihome.ch\/de\/wp-json\/wp\/v2\/pages\/2979\/revisions"}],"wp:attachment":[{"href":"https:\/\/giovanettihome.ch\/de\/wp-json\/wp\/v2\/media?parent=2979"}],"curies":[{"name":"wp","href":"https:\/\/api.w.org\/{rel}","templated":true}]}}