{"id":2974,"date":"2025-01-14T04:29:08","date_gmt":"2025-01-14T09:29:08","guid":{"rendered":"https:\/\/giovanettihome.ch\/feedback-von-einigen-kunden\/"},"modified":"2025-04-05T09:37:31","modified_gmt":"2025-04-05T13:37:31","slug":"feedback-von-einigen-kunden","status":"publish","type":"page","link":"https:\/\/giovanettihome.ch\/de\/feedback-von-einigen-kunden\/","title":{"rendered":"Feedback von einigen Kunden"},"content":{"rendered":"\t\t<div data-elementor-type=\"wp-page\" data-elementor-id=\"2974\" class=\"elementor elementor-2974 elementor-1161\" data-elementor-post-type=\"page\">\n\t\t\t\t<div class=\"elementor-element elementor-element-af4f4d3 e-flex e-con-boxed e-con e-parent\" data-id=\"af4f4d3\" data-element_type=\"container\" data-e-type=\"container\" data-settings=\"{&quot;background_background&quot;:&quot;classic&quot;}\">\n\t\t\t\t\t<div class=\"e-con-inner\">\n\t\t<div class=\"elementor-element elementor-element-f5919d6 e-con-full e-flex e-con e-child\" data-id=\"f5919d6\" data-element_type=\"container\" data-e-type=\"container\">\n\t\t\t\t<div class=\"elementor-element elementor-element-dfcb390 elementor-widget elementor-widget-heading\" data-id=\"dfcb390\" data-element_type=\"widget\" data-e-type=\"widget\" data-widget_type=\"heading.default\">\n\t\t\t\t<div class=\"elementor-widget-container\">\n\t\t\t\t\t<h2 class=\"elementor-heading-title elementor-size-default\">FEEDBACK VON EINIGEN KUNDEN  <\/h2>\t\t\t\t<\/div>\n\t\t\t\t<\/div>\n\t\t\t\t<div class=\"elementor-element elementor-element-902e497 elementor-widget__width-initial elementor-arrows-position-outside elementor-widget elementor-widget-image-carousel\" data-id=\"902e497\" data-element_type=\"widget\" data-e-type=\"widget\" data-settings=\"{&quot;slides_to_scroll&quot;:&quot;1&quot;,&quot;navigation&quot;:&quot;arrows&quot;,&quot;lazyload&quot;:&quot;yes&quot;,&quot;slides_to_show_tablet&quot;:&quot;3&quot;,&quot;slides_to_show_mobile&quot;:&quot;2&quot;,&quot;slides_to_scroll_tablet&quot;:&quot;3&quot;,&quot;slides_to_scroll_mobile&quot;:&quot;2&quot;,&quot;autoplay&quot;:&quot;yes&quot;,&quot;pause_on_hover&quot;:&quot;yes&quot;,&quot;pause_on_interaction&quot;:&quot;yes&quot;,&quot;autoplay_speed&quot;:5000,&quot;infinite&quot;:&quot;yes&quot;,&quot;speed&quot;:500,&quot;image_spacing_custom&quot;:{&quot;unit&quot;:&quot;px&quot;,&quot;size&quot;:20,&quot;sizes&quot;:[]},&quot;image_spacing_custom_tablet&quot;:{&quot;unit&quot;:&quot;px&quot;,&quot;size&quot;:&quot;&quot;,&quot;sizes&quot;:[]},&quot;image_spacing_custom_mobile&quot;:{&quot;unit&quot;:&quot;px&quot;,&quot;size&quot;:&quot;&quot;,&quot;sizes&quot;:[]}}\" data-widget_type=\"image-carousel.default\">\n\t\t\t\t<div class=\"elementor-widget-container\">\n\t\t\t\t\t\t\t<div class=\"elementor-image-carousel-wrapper swiper\" role=\"region\" aria-roledescription=\"carousel\" aria-label=\"Carosello d&#039;immagini\" dir=\"ltr\">\n\t\t\t<div class=\"elementor-image-carousel swiper-wrapper\" aria-live=\"off\">\n\t\t\t\t\t\t\t\t<div class=\"swiper-slide\" role=\"group\" aria-roledescription=\"slide\" aria-label=\"1 von 12\"><a data-elementor-open-lightbox=\"yes\" data-elementor-lightbox-slideshow=\"902e497\" data-elementor-lightbox-title=\"G60\" data-e-action-hash=\"#elementor-action%3Aaction%3Dlightbox%26settings%3DeyJpZCI6MjQzNSwidXJsIjoiaHR0cHM6XC9cL2dpb3ZhbmV0dGlob21lLmNoXC93cC1jb250ZW50XC91cGxvYWRzXC9zaXRlc1wvMTc4XC8yMDI0XC8xMVwvRzYwLmpwZyIsInNsaWRlc2hvdyI6IjkwMmU0OTcifQ%3D%3D\" href=\"https:\/\/giovanettihome.ch\/wp-content\/uploads\/sites\/178\/2024\/11\/G60.jpg\"><figure class=\"swiper-slide-inner\"><img class=\"swiper-slide-image swiper-lazy\" data-src=\"https:\/\/giovanettihome.ch\/wp-content\/uploads\/sites\/178\/elementor\/thumbs\/G60-qwip4cr74hidyoe0y0nda4r3pzumq0iqi7st22337k.jpg\" alt=\"G60\" \/><div class=\"swiper-lazy-preloader\"><\/div><\/figure><\/a><\/div><div class=\"swiper-slide\" role=\"group\" aria-roledescription=\"slide\" aria-label=\"2 von 12\"><a data-elementor-open-lightbox=\"yes\" data-elementor-lightbox-slideshow=\"902e497\" data-elementor-lightbox-title=\"5\" data-e-action-hash=\"#elementor-action%3Aaction%3Dlightbox%26settings%3DeyJpZCI6MjAwNywidXJsIjoiaHR0cHM6XC9cL2dpb3ZhbmV0dGlob21lLmNoXC93cC1jb250ZW50XC91cGxvYWRzXC9zaXRlc1wvMTc4XC8yMDI0XC8xMFwvNS0xLmpwZyIsInNsaWRlc2hvdyI6IjkwMmU0OTcifQ%3D%3D\" href=\"https:\/\/giovanettihome.ch\/wp-content\/uploads\/sites\/178\/2024\/10\/5-1.jpg\"><figure class=\"swiper-slide-inner\"><img class=\"swiper-slide-image swiper-lazy\" data-src=\"https:\/\/giovanettihome.ch\/wp-content\/uploads\/sites\/178\/elementor\/thumbs\/5-1-qvxq50a5xb18mrwn8lgebqu31re1m2ed0xwghl696o.jpg\" alt=\"5\" \/><div class=\"swiper-lazy-preloader\"><\/div><\/figure><\/a><\/div><div class=\"swiper-slide\" role=\"group\" aria-roledescription=\"slide\" aria-label=\"3 von 12\"><a data-elementor-open-lightbox=\"yes\" data-elementor-lightbox-slideshow=\"902e497\" data-elementor-lightbox-title=\"4\" data-e-action-hash=\"#elementor-action%3Aaction%3Dlightbox%26settings%3DeyJpZCI6MjAwOSwidXJsIjoiaHR0cHM6XC9cL2dpb3ZhbmV0dGlob21lLmNoXC93cC1jb250ZW50XC91cGxvYWRzXC9zaXRlc1wvMTc4XC8yMDI0XC8xMFwvNC0xLmpwZyIsInNsaWRlc2hvdyI6IjkwMmU0OTcifQ%3D%3D\" href=\"https:\/\/giovanettihome.ch\/wp-content\/uploads\/sites\/178\/2024\/10\/4-1.jpg\"><figure class=\"swiper-slide-inner\"><img class=\"swiper-slide-image swiper-lazy\" data-src=\"https:\/\/giovanettihome.ch\/wp-content\/uploads\/sites\/178\/elementor\/thumbs\/4-1-qvxq525uaz3t9ztwxm9ngqd08j4s1gltp77fg53gu8.jpg\" alt=\"4\" \/><div class=\"swiper-lazy-preloader\"><\/div><\/figure><\/a><\/div><div class=\"swiper-slide\" role=\"group\" aria-roledescription=\"slide\" aria-label=\"4 von 12\"><a data-elementor-open-lightbox=\"yes\" data-elementor-lightbox-slideshow=\"902e497\" data-elementor-lightbox-title=\"3\" data-e-action-hash=\"#elementor-action%3Aaction%3Dlightbox%26settings%3DeyJpZCI6MjAxMSwidXJsIjoiaHR0cHM6XC9cL2dpb3ZhbmV0dGlob21lLmNoXC93cC1jb250ZW50XC91cGxvYWRzXC9zaXRlc1wvMTc4XC8yMDI0XC8xMFwvMy0xLmpwZyIsInNsaWRlc2hvdyI6IjkwMmU0OTcifQ%3D%3D\" href=\"https:\/\/giovanettihome.ch\/wp-content\/uploads\/sites\/178\/2024\/10\/3-1.jpg\"><figure class=\"swiper-slide-inner\"><img class=\"swiper-slide-image swiper-lazy\" data-src=\"https:\/\/giovanettihome.ch\/wp-content\/uploads\/sites\/178\/elementor\/thumbs\/3-1-qvxq50a5xb18mrwn8lgebqu31re1m2ed0xwghl696o.jpg\" alt=\"3\" \/><div class=\"swiper-lazy-preloader\"><\/div><\/figure><\/a><\/div><div class=\"swiper-slide\" role=\"group\" aria-roledescription=\"slide\" aria-label=\"5 von 12\"><a data-elementor-open-lightbox=\"yes\" data-elementor-lightbox-slideshow=\"902e497\" data-elementor-lightbox-title=\"2\" data-e-action-hash=\"#elementor-action%3Aaction%3Dlightbox%26settings%3DeyJpZCI6MjAxMywidXJsIjoiaHR0cHM6XC9cL2dpb3ZhbmV0dGlob21lLmNoXC93cC1jb250ZW50XC91cGxvYWRzXC9zaXRlc1wvMTc4XC8yMDI0XC8xMFwvMi0xLmpwZyIsInNsaWRlc2hvdyI6IjkwMmU0OTcifQ%3D%3D\" href=\"https:\/\/giovanettihome.ch\/wp-content\/uploads\/sites\/178\/2024\/10\/2-1.jpg\"><figure class=\"swiper-slide-inner\"><img class=\"swiper-slide-image swiper-lazy\" data-src=\"https:\/\/giovanettihome.ch\/wp-content\/uploads\/sites\/178\/elementor\/thumbs\/2-1-qvxq533oht53llsjs4oa184gtx0595pk1buwxf22o0.jpg\" alt=\"2\" \/><div class=\"swiper-lazy-preloader\"><\/div><\/figure><\/a><\/div><div class=\"swiper-slide\" role=\"group\" aria-roledescription=\"slide\" aria-label=\"6 von 12\"><a data-elementor-open-lightbox=\"yes\" data-elementor-lightbox-slideshow=\"902e497\" data-elementor-lightbox-title=\"1 (1)\" data-e-action-hash=\"#elementor-action%3Aaction%3Dlightbox%26settings%3DeyJpZCI6MjAxNSwidXJsIjoiaHR0cHM6XC9cL2dpb3ZhbmV0dGlob21lLmNoXC93cC1jb250ZW50XC91cGxvYWRzXC9zaXRlc1wvMTc4XC8yMDI0XC8xMFwvMS0xLTEuanBnIiwic2xpZGVzaG93IjoiOTAyZTQ5NyJ9\" href=\"https:\/\/giovanettihome.ch\/wp-content\/uploads\/sites\/178\/2024\/10\/1-1-1.jpg\"><figure class=\"swiper-slide-inner\"><img class=\"swiper-slide-image swiper-lazy\" data-src=\"https:\/\/giovanettihome.ch\/wp-content\/uploads\/sites\/178\/elementor\/thumbs\/1-1-1-qvxq58qpmtctj9kcv741g6p8e88cjcby23rtt2tpmo.jpg\" alt=\"1 (1)\" \/><div class=\"swiper-lazy-preloader\"><\/div><\/figure><\/a><\/div><div class=\"swiper-slide\" role=\"group\" aria-roledescription=\"slide\" aria-label=\"7 von 12\"><a data-elementor-open-lightbox=\"yes\" data-elementor-lightbox-slideshow=\"902e497\" data-elementor-lightbox-title=\"E1\" data-e-action-hash=\"#elementor-action%3Aaction%3Dlightbox%26settings%3DeyJpZCI6MjQyNSwidXJsIjoiaHR0cHM6XC9cL2dpb3ZhbmV0dGlob21lLmNoXC93cC1jb250ZW50XC91cGxvYWRzXC9zaXRlc1wvMTc4XC8yMDI0XC8xMVwvRTEuanBnIiwic2xpZGVzaG93IjoiOTAyZTQ5NyJ9\" href=\"https:\/\/giovanettihome.ch\/wp-content\/uploads\/sites\/178\/2024\/11\/E1.jpg\"><figure class=\"swiper-slide-inner\"><img class=\"swiper-slide-image swiper-lazy\" data-src=\"https:\/\/giovanettihome.ch\/wp-content\/uploads\/sites\/178\/elementor\/thumbs\/E1-qwinqfjs5965c8wkgfsouq9rx9wtwqbyb4gfh03tog.jpg\" alt=\"E1\" \/><div class=\"swiper-lazy-preloader\"><\/div><\/figure><\/a><\/div><div class=\"swiper-slide\" role=\"group\" aria-roledescription=\"slide\" aria-label=\"8 von 12\"><a data-elementor-open-lightbox=\"yes\" data-elementor-lightbox-slideshow=\"902e497\" data-elementor-lightbox-title=\"g3\" data-e-action-hash=\"#elementor-action%3Aaction%3Dlightbox%26settings%3DeyJpZCI6MjQyNywidXJsIjoiaHR0cHM6XC9cL2dpb3ZhbmV0dGlob21lLmNoXC93cC1jb250ZW50XC91cGxvYWRzXC9zaXRlc1wvMTc4XC8yMDI0XC8xMVwvZzMuanBnIiwic2xpZGVzaG93IjoiOTAyZTQ5NyJ9\" href=\"https:\/\/giovanettihome.ch\/wp-content\/uploads\/sites\/178\/2024\/11\/g3.jpg\"><figure class=\"swiper-slide-inner\"><img class=\"swiper-slide-image swiper-lazy\" data-src=\"https:\/\/giovanettihome.ch\/wp-content\/uploads\/sites\/178\/elementor\/thumbs\/g3-qwio3uotq3jj3tes38mxgccp9brht5lzhjs0587gu8.jpg\" alt=\"g3\" \/><div class=\"swiper-lazy-preloader\"><\/div><\/figure><\/a><\/div><div class=\"swiper-slide\" role=\"group\" aria-roledescription=\"slide\" aria-label=\"9 von 12\"><a data-elementor-open-lightbox=\"yes\" data-elementor-lightbox-slideshow=\"902e497\" data-elementor-lightbox-title=\"g2\" data-e-action-hash=\"#elementor-action%3Aaction%3Dlightbox%26settings%3DeyJpZCI6MjQyOSwidXJsIjoiaHR0cHM6XC9cL2dpb3ZhbmV0dGlob21lLmNoXC93cC1jb250ZW50XC91cGxvYWRzXC9zaXRlc1wvMTc4XC8yMDI0XC8xMVwvZzIuanBnIiwic2xpZGVzaG93IjoiOTAyZTQ5NyJ9\" href=\"https:\/\/giovanettihome.ch\/wp-content\/uploads\/sites\/178\/2024\/11\/g2.jpg\"><figure class=\"swiper-slide-inner\"><img class=\"swiper-slide-image swiper-lazy\" data-src=\"https:\/\/giovanettihome.ch\/wp-content\/uploads\/sites\/178\/elementor\/thumbs\/g2-qwio3wki3rm3r1c1s9g6lbvmg3i88jtg5t2z3s4ohs.jpg\" alt=\"g2\" \/><div class=\"swiper-lazy-preloader\"><\/div><\/figure><\/a><\/div><div class=\"swiper-slide\" role=\"group\" aria-roledescription=\"slide\" aria-label=\"10 von 12\"><a data-elementor-open-lightbox=\"yes\" data-elementor-lightbox-slideshow=\"902e497\" data-elementor-lightbox-title=\"G4\" data-e-action-hash=\"#elementor-action%3Aaction%3Dlightbox%26settings%3DeyJpZCI6MjQzMSwidXJsIjoiaHR0cHM6XC9cL2dpb3ZhbmV0dGlob21lLmNoXC93cC1jb250ZW50XC91cGxvYWRzXC9zaXRlc1wvMTc4XC8yMDI0XC8xMVwvRzQuanBnIiwic2xpZGVzaG93IjoiOTAyZTQ5NyJ9\" href=\"https:\/\/giovanettihome.ch\/wp-content\/uploads\/sites\/178\/2024\/11\/G4.jpg\"><figure class=\"swiper-slide-inner\"><img class=\"swiper-slide-image swiper-lazy\" data-src=\"https:\/\/giovanettihome.ch\/wp-content\/uploads\/sites\/178\/elementor\/thumbs\/G4-qwiosiyb4jbhvbkj0eldem7amg5cv4kbvo9unpmfi8.jpg\" alt=\"G4\" \/><div class=\"swiper-lazy-preloader\"><\/div><\/figure><\/a><\/div><div class=\"swiper-slide\" role=\"group\" aria-roledescription=\"slide\" aria-label=\"11 von 12\"><a data-elementor-open-lightbox=\"yes\" data-elementor-lightbox-slideshow=\"902e497\" data-elementor-lightbox-title=\"G5\" data-e-action-hash=\"#elementor-action%3Aaction%3Dlightbox%26settings%3DeyJpZCI6MjQzMywidXJsIjoiaHR0cHM6XC9cL2dpb3ZhbmV0dGlob21lLmNoXC93cC1jb250ZW50XC91cGxvYWRzXC9zaXRlc1wvMTc4XC8yMDI0XC8xMVwvRzUuanBnIiwic2xpZGVzaG93IjoiOTAyZTQ5NyJ9\" href=\"https:\/\/giovanettihome.ch\/wp-content\/uploads\/sites\/178\/2024\/11\/G5.jpg\"><figure class=\"swiper-slide-inner\"><img class=\"swiper-slide-image swiper-lazy\" data-src=\"https:\/\/giovanettihome.ch\/wp-content\/uploads\/sites\/178\/elementor\/thumbs\/G5-qwioxvn81kn9zdsmr7vw3rksefrlp2tay60e1foq2o.jpg\" alt=\"G5\" \/><div class=\"swiper-lazy-preloader\"><\/div><\/figure><\/a><\/div><div class=\"swiper-slide\" role=\"group\" aria-roledescription=\"slide\" aria-label=\"12 von 12\"><a data-elementor-open-lightbox=\"yes\" data-elementor-lightbox-slideshow=\"902e497\" data-elementor-lightbox-title=\"G60\" data-e-action-hash=\"#elementor-action%3Aaction%3Dlightbox%26settings%3DeyJpZCI6MjQzNSwidXJsIjoiaHR0cHM6XC9cL2dpb3ZhbmV0dGlob21lLmNoXC93cC1jb250ZW50XC91cGxvYWRzXC9zaXRlc1wvMTc4XC8yMDI0XC8xMVwvRzYwLmpwZyIsInNsaWRlc2hvdyI6IjkwMmU0OTcifQ%3D%3D\" href=\"https:\/\/giovanettihome.ch\/wp-content\/uploads\/sites\/178\/2024\/11\/G60.jpg\"><figure class=\"swiper-slide-inner\"><img class=\"swiper-slide-image swiper-lazy\" data-src=\"https:\/\/giovanettihome.ch\/wp-content\/uploads\/sites\/178\/elementor\/thumbs\/G60-qwip4cr74hidyoe0y0nda4r3pzumq0iqi7st22337k.jpg\" alt=\"G60\" \/><div class=\"swiper-lazy-preloader\"><\/div><\/figure><\/a><\/div>\t\t\t<\/div>\n\t\t\t\t\t\t\t\t\t\t\t\t<div class=\"elementor-swiper-button elementor-swiper-button-prev\" role=\"button\" tabindex=\"0\">\n\t\t\t\t\t\t<svg aria-hidden=\"true\" class=\"e-font-icon-svg e-eicon-chevron-left\" viewBox=\"0 0 1000 1000\" xmlns=\"http:\/\/www.w3.org\/2000\/svg\"><path d=\"M646 125C629 125 613 133 604 142L308 442C296 454 292 471 292 487 292 504 296 521 308 533L604 854C617 867 629 875 646 875 663 875 679 871 692 858 704 846 713 829 713 812 713 796 708 779 692 767L438 487 692 225C700 217 708 204 708 187 708 171 704 154 692 142 675 129 663 125 646 125Z\"><\/path><\/svg>\t\t\t\t\t<\/div>\n\t\t\t\t\t<div class=\"elementor-swiper-button elementor-swiper-button-next\" role=\"button\" tabindex=\"0\">\n\t\t\t\t\t\t<svg aria-hidden=\"true\" class=\"e-font-icon-svg e-eicon-chevron-right\" viewBox=\"0 0 1000 1000\" xmlns=\"http:\/\/www.w3.org\/2000\/svg\"><path d=\"M696 533C708 521 713 504 713 487 713 471 708 454 696 446L400 146C388 133 375 125 354 125 338 125 325 129 313 142 300 154 292 171 292 187 292 204 296 221 308 233L563 492 304 771C292 783 288 800 288 817 288 833 296 850 308 863 321 871 338 875 354 875 371 875 388 867 400 854L696 533Z\"><\/path><\/svg>\t\t\t\t\t<\/div>\n\t\t\t\t\n\t\t\t\t\t\t\t\t\t<\/div>\n\t\t\t\t\t\t<\/div>\n\t\t\t\t<\/div>\n\t\t\t\t<\/div>\n\t\t\t\t\t<\/div>\n\t\t\t\t<\/div>\n\t\t<div class=\"elementor-element elementor-element-efe2baa e-flex e-con-boxed e-con e-parent\" data-id=\"efe2baa\" data-element_type=\"container\" data-e-type=\"container\">\n\t\t\t\t\t<div class=\"e-con-inner\">\n\t\t<div class=\"elementor-element elementor-element-2a2e852 e-con-full e-flex e-con e-child\" data-id=\"2a2e852\" data-element_type=\"container\" data-e-type=\"container\">\n\t\t\t\t<div class=\"elementor-element elementor-element-edb8778 elementor-widget-divider--view-line elementor-widget elementor-widget-divider\" data-id=\"edb8778\" data-element_type=\"widget\" data-e-type=\"widget\" data-widget_type=\"divider.default\">\n\t\t\t\t<div class=\"elementor-widget-container\">\n\t\t\t\t\t\t\t<div class=\"elementor-divider\">\n\t\t\t<span class=\"elementor-divider-separator\">\n\t\t\t\t\t\t<\/span>\n\t\t<\/div>\n\t\t\t\t\t\t<\/div>\n\t\t\t\t<\/div>\n\t\t\t\t<\/div>\n\t\t<div class=\"elementor-element elementor-element-d3741e5 e-con-full e-flex e-con e-child\" data-id=\"d3741e5\" data-element_type=\"container\" data-e-type=\"container\">\n\t\t<div class=\"elementor-element elementor-element-8db2e6c e-con-full e-flex e-con e-child\" data-id=\"8db2e6c\" data-element_type=\"container\" data-e-type=\"container\">\n\t\t<div class=\"elementor-element elementor-element-df56430 e-con-full e-flex e-con e-child\" data-id=\"df56430\" data-element_type=\"container\" data-e-type=\"container\">\n\t\t<div class=\"elementor-element elementor-element-ba7271d e-con-full e-flex e-con e-child\" data-id=\"ba7271d\" data-element_type=\"container\" data-e-type=\"container\">\n\t\t\t\t<div class=\"elementor-element elementor-element-5e567c7 elementor-widget elementor-widget-heading\" data-id=\"5e567c7\" data-element_type=\"widget\" data-e-type=\"widget\" data-widget_type=\"heading.default\">\n\t\t\t\t<div class=\"elementor-widget-container\">\n\t\t\t\t\t<h2 class=\"elementor-heading-title elementor-size-default\">DREI DIENSTLEISTUNGEN, F\u00dcR DIE SIE NOCH HEUTE EIN KOSTENLOSES ANGEBOT ANFORDERN K\u00d6NNEN:<\/h2>\t\t\t\t<\/div>\n\t\t\t\t<\/div>\n\t\t\t\t<\/div>\n\t\t\t\t<\/div>\n\t\t<div class=\"elementor-element elementor-element-19a859f e-con-full e-flex e-con e-child\" data-id=\"19a859f\" data-element_type=\"container\" data-e-type=\"container\">\n\t\t<div class=\"elementor-element elementor-element-50318a2 e-con-full e-flex e-con e-child\" data-id=\"50318a2\" data-element_type=\"container\" data-e-type=\"container\">\n\t\t\t\t<div class=\"elementor-element elementor-element-e276af5 elementor-position-left elementor-vertical-align-middle elementor-widget elementor-widget-image-box\" data-id=\"e276af5\" data-element_type=\"widget\" data-e-type=\"widget\" data-widget_type=\"image-box.default\">\n\t\t\t\t<div class=\"elementor-widget-container\">\n\t\t\t\t\t<div class=\"elementor-image-box-wrapper\"><figure class=\"elementor-image-box-img\"><img decoding=\"async\" src=\"https:\/\/giovanettihome.ch\/wp-content\/uploads\/sites\/178\/elementor\/thumbs\/Giovanettihome-Icon-7-qnh44ngjnoucvw9o9o5qjpzns1gb5uafpz1w25ncw4.png\" title=\"Giovanettihome-Icon-7.png\" alt=\"Giovanettihome-Icon-7.png\" loading=\"lazy\" \/><\/figure><\/div>\t\t\t\t<\/div>\n\t\t\t\t<\/div>\n\t\t\t\t<div class=\"elementor-element elementor-element-1a9fa55 elementor-widget elementor-widget-text-editor\" data-id=\"1a9fa55\" data-element_type=\"widget\" data-e-type=\"widget\" data-widget_type=\"text-editor.default\">\n\t\t\t\t<div class=\"elementor-widget-container\">\n\t\t\t\t\t\t\t\t\t<p style=\"text-align: left\">1. Ma\u00dfgeschneidertes Design: Wir verwandeln Ihr Zuhause in einen einzigartigen Ort, der auf Ihre Bed\u00fcrfnisse zugeschnitten ist und Ihren Lebensstil widerspiegelt. Mit unserer Liebe zum Detail und unserer Kreativit\u00e4t schaffen wir Projekte, die Ihre Erwartungen \u00fcbertreffen.<\/p>\t\t\t\t\t\t\t\t<\/div>\n\t\t\t\t<\/div>\n\t\t\t\t<\/div>\n\t\t<div class=\"elementor-element elementor-element-ad0f5ea e-con-full e-flex e-con e-child\" data-id=\"ad0f5ea\" data-element_type=\"container\" data-e-type=\"container\">\n\t\t\t\t<div class=\"elementor-element elementor-element-8aea7c7 elementor-position-left elementor-vertical-align-middle elementor-widget elementor-widget-image-box\" data-id=\"8aea7c7\" data-element_type=\"widget\" data-e-type=\"widget\" data-widget_type=\"image-box.default\">\n\t\t\t\t<div class=\"elementor-widget-container\">\n\t\t\t\t\t<div class=\"elementor-image-box-wrapper\"><figure class=\"elementor-image-box-img\"><img decoding=\"async\" src=\"https:\/\/giovanettihome.ch\/wp-content\/uploads\/sites\/178\/elementor\/thumbs\/Giovanettihome-Icon-8-qnh44pc81cwxj46xyoyzopikyt71l8hwe8cv0pkkjo.png\" title=\"Giovanettihome-Icon-8.png\" alt=\"Giovanettihome-Icon-8.png\" loading=\"lazy\" \/><\/figure><\/div>\t\t\t\t<\/div>\n\t\t\t\t<\/div>\n\t\t\t\t<div class=\"elementor-element elementor-element-1dab4a7 elementor-widget elementor-widget-text-editor\" data-id=\"1dab4a7\" data-element_type=\"widget\" data-e-type=\"widget\" data-widget_type=\"text-editor.default\">\n\t\t\t\t<div class=\"elementor-widget-container\">\n\t\t\t\t\t\t\t\t\t<p>2. Realisierung kompletter Umgebungen: Ob es sich um eine komplette Renovierung oder einen Neubau handelt, wir k\u00f6nnen uns um jeden Schritt des Prozesses k\u00fcmmern, vom Abriss bis zur Installation der letzten Komponente. Wir k\u00fcmmern uns um jeden Aspekt, von der Auswahl der Materialien bis zum Management der Lieferanten und Handwerker, um ein hochwertiges Endergebnis zu garantieren.<\/p>\t\t\t\t\t\t\t\t<\/div>\n\t\t\t\t<\/div>\n\t\t\t\t<\/div>\n\t\t<div class=\"elementor-element elementor-element-5871599 e-con-full e-flex e-con e-child\" data-id=\"5871599\" data-element_type=\"container\" data-e-type=\"container\">\n\t\t\t\t<div class=\"elementor-element elementor-element-cae1011 elementor-position-left elementor-vertical-align-middle elementor-widget elementor-widget-image-box\" data-id=\"cae1011\" data-element_type=\"widget\" data-e-type=\"widget\" data-widget_type=\"image-box.default\">\n\t\t\t\t<div class=\"elementor-widget-container\">\n\t\t\t\t\t<div class=\"elementor-image-box-wrapper\"><figure class=\"elementor-image-box-img\"><img decoding=\"async\" src=\"https:\/\/giovanettihome.ch\/wp-content\/uploads\/sites\/178\/elementor\/thumbs\/Giovanettihome-Icon-9-qnh44qa286y7uq5kt7dm97a1k72esxlmqd0chzj6dg.png\" title=\"Giovanettihome-Icon-9.png\" alt=\"Giovanettihome-Icon-9.png\" loading=\"lazy\" \/><\/figure><\/div>\t\t\t\t<\/div>\n\t\t\t\t<\/div>\n\t\t\t\t<div class=\"elementor-element elementor-element-36df1b4 elementor-widget elementor-widget-text-editor\" data-id=\"36df1b4\" data-element_type=\"widget\" data-e-type=\"widget\" data-widget_type=\"text-editor.default\">\n\t\t\t\t<div class=\"elementor-widget-container\">\n\t\t\t\t\t\t\t\t\t<p>3. Kundendienst: Unsere Beziehung zu unseren Kunden endet nicht mit der Lieferung des Projekts. Wir bieten einen umfassenden Kundendienst, einschlie\u00dflich Wartung und Instandhaltung, um sicherzustellen, dass Ihre R\u00e4umlichkeiten \u00fcber lange Zeit in optimalem Zustand bleiben. Wir k\u00fcmmern uns auch um kleinere Reparaturen, routinem\u00e4\u00dfige Wartungsarbeiten und bieten Verwaltungs- und Reinigungsdienste an, um Ihre Umgebung in Bestform zu halten.<\/p>\t\t\t\t\t\t\t\t<\/div>\n\t\t\t\t<\/div>\n\t\t\t\t<\/div>\n\t\t\t\t<\/div>\n\t\t\t\t<\/div>\n\t\t\t\t<\/div>\n\t\t\t\t\t<\/div>\n\t\t\t\t<\/div>\n\t\t\t\t<\/div>\n\t\t","protected":false},"excerpt":{"rendered":"<p>FEEDBACK VON EINIGEN KUNDEN DREI DIENSTLEISTUNGEN, F\u00dcR DIE SIE NOCH HEUTE EIN KOSTENLOSES ANGEBOT ANFORDERN K\u00d6NNEN: 1. Ma\u00dfgeschneidertes Design: Wir verwandeln Ihr Zuhause in einen einzigartigen Ort, der auf Ihre Bed\u00fcrfnisse zugeschnitten ist und Ihren Lebensstil widerspiegelt. Mit unserer Liebe zum Detail und unserer Kreativit\u00e4t schaffen wir Projekte, die Ihre Erwartungen \u00fcbertreffen. 2. Realisierung kompletter [&hellip;]<\/p>\n","protected":false},"author":10230,"featured_media":0,"parent":0,"menu_order":0,"comment_status":"closed","ping_status":"closed","template":"elementor_header_footer","meta":{"_seopress_robots_primary_cat":"","_seopress_titles_title":"","_seopress_titles_desc":"","_seopress_robots_index":"","footnotes":""},"class_list":["post-2974","page","type-page","status-publish","hentry"],"_links":{"self":[{"href":"https:\/\/giovanettihome.ch\/de\/wp-json\/wp\/v2\/pages\/2974","targetHints":{"allow":["GET"]}}],"collection":[{"href":"https:\/\/giovanettihome.ch\/de\/wp-json\/wp\/v2\/pages"}],"about":[{"href":"https:\/\/giovanettihome.ch\/de\/wp-json\/wp\/v2\/types\/page"}],"author":[{"embeddable":true,"href":"https:\/\/giovanettihome.ch\/de\/wp-json\/wp\/v2\/users\/10230"}],"replies":[{"embeddable":true,"href":"https:\/\/giovanettihome.ch\/de\/wp-json\/wp\/v2\/comments?post=2974"}],"version-history":[{"count":0,"href":"https:\/\/giovanettihome.ch\/de\/wp-json\/wp\/v2\/pages\/2974\/revisions"}],"wp:attachment":[{"href":"https:\/\/giovanettihome.ch\/de\/wp-json\/wp\/v2\/media?parent=2974"}],"curies":[{"name":"wp","href":"https:\/\/api.w.org\/{rel}","templated":true}]}}