{"id":2971,"date":"2024-10-20T09:21:00","date_gmt":"2024-10-20T13:21:00","guid":{"rendered":"https:\/\/giovanettihome.ch\/gemeinsam-mit-uns\/"},"modified":"2025-04-14T14:17:36","modified_gmt":"2025-04-14T18:17:36","slug":"gemeinsam-mit-uns","status":"publish","type":"page","link":"https:\/\/giovanettihome.ch\/de\/gemeinsam-mit-uns\/","title":{"rendered":"Gemeinsam mit uns"},"content":{"rendered":"\t\t<div data-elementor-type=\"wp-page\" data-elementor-id=\"2971\" class=\"elementor elementor-2971 elementor-565\" data-elementor-post-type=\"page\">\n\t\t\t\t<div class=\"elementor-element elementor-element-9d057a4 e-flex e-con-boxed e-con e-parent\" data-id=\"9d057a4\" data-element_type=\"container\" data-e-type=\"container\" data-settings=\"{&quot;background_background&quot;:&quot;classic&quot;}\">\n\t\t\t\t\t<div class=\"e-con-inner\">\n\t\t<div class=\"elementor-element elementor-element-5832260 e-con-full e-flex e-con e-child\" data-id=\"5832260\" data-element_type=\"container\" data-e-type=\"container\">\n\t\t<div class=\"elementor-element elementor-element-000ff98 e-con-full e-flex e-con e-child\" data-id=\"000ff98\" data-element_type=\"container\" data-e-type=\"container\">\n\t\t\t\t<div class=\"elementor-element elementor-element-38681f0 elementor-widget elementor-widget-text-editor\" data-id=\"38681f0\" data-element_type=\"widget\" data-e-type=\"widget\" data-widget_type=\"text-editor.default\">\n\t\t\t\t<div class=\"elementor-widget-container\">\n\t\t\t\t\t\t\t\t\t<h5>ZUSAMMEN MIT UNS:<\/h5><p>Sie werden entdecken, wie die Auswahl und Kombination von Farben, Materialien und Stoffen sowie der bewusste Einsatz von Licht entscheidend sind, um jedem Raum in Ihrem Zuhause Charakter und Atmosph\u00e4re zu verleihen. Wir begleiten Sie bei der Gestaltung Ihres Zuhauses und zeigen Ihnen anhand von praktischen Beispielen, welche Schritte Sie unternehmen k\u00f6nnen, um sich in Ihrer t\u00e4glichen Umgebung wohlzuf\u00fchlen. <\/p><p>Ein Zuhause ist nicht einfach nur ein Ort, es ist ein authentisches Spiegelbild der Menschen, die es bewohnen, und dr\u00fcckt Stimmungen, Leidenschaften und sogar Widerspr\u00fcche aus. Frei von Moden und professionellen Zw\u00e4ngen, stellt unser Ansatz eine Vision f\u00fcr die Gestaltung von Lebensr\u00e4umen dar, die ein Universum der Emotionen offenbart, in dem M\u00f6bel, Materialien und Objekte ineinandergreifen, um warme und einladende Umgebungen zu schaffen, die Ihren Geschmack und Ihre tiefste Pers\u00f6nlichkeit perfekt widerspiegeln. <\/p><p>Denken Sie daran: Je mehr Ihr Zuhause Sie repr\u00e4sentiert, desto mehr werden Sie es lieben und sich darin wohlf\u00fchlen. Lassen Sie sich von diesen Entscheidungen leiten und entdecken Sie die transformative Kraft einer Umgebung, die von Ihnen spricht. <\/p>\t\t\t\t\t\t\t\t<\/div>\n\t\t\t\t<\/div>\n\t\t\t\t<\/div>\n\t\t<div class=\"elementor-element elementor-element-ab4bac7 e-con-full e-flex e-con e-child\" data-id=\"ab4bac7\" data-element_type=\"container\" data-e-type=\"container\" data-settings=\"{&quot;background_background&quot;:&quot;classic&quot;}\">\n\t\t\t\t<\/div>\n\t\t\t\t<\/div>\n\t\t\t\t\t<\/div>\n\t\t\t\t<\/div>\n\t\t<div class=\"elementor-element elementor-element-26f5b79 e-flex e-con-boxed e-con e-parent\" data-id=\"26f5b79\" data-element_type=\"container\" data-e-type=\"container\">\n\t\t\t\t\t<div class=\"e-con-inner\">\n\t\t\t\t<div class=\"elementor-element elementor-element-78aa326 elementor-widget-divider--view-line elementor-widget elementor-widget-divider\" data-id=\"78aa326\" data-element_type=\"widget\" data-e-type=\"widget\" data-widget_type=\"divider.default\">\n\t\t\t\t<div class=\"elementor-widget-container\">\n\t\t\t\t\t\t\t<div class=\"elementor-divider\">\n\t\t\t<span class=\"elementor-divider-separator\">\n\t\t\t\t\t\t<\/span>\n\t\t<\/div>\n\t\t\t\t\t\t<\/div>\n\t\t\t\t<\/div>\n\t\t\t\t\t<\/div>\n\t\t\t\t<\/div>\n\t\t<div class=\"elementor-element elementor-element-fb26406 e-flex e-con-boxed e-con e-parent\" data-id=\"fb26406\" data-element_type=\"container\" data-e-type=\"container\">\n\t\t\t\t\t<div class=\"e-con-inner\">\n\t\t<div class=\"elementor-element elementor-element-d57c63e e-con-full e-flex e-con e-child\" data-id=\"d57c63e\" data-element_type=\"container\" data-e-type=\"container\">\n\t\t<div class=\"elementor-element elementor-element-4696a4d e-con-full e-flex e-con e-child\" data-id=\"4696a4d\" data-element_type=\"container\" data-e-type=\"container\">\n\t\t\t\t<div class=\"elementor-element elementor-element-36464dd elementor-widget elementor-widget-heading\" data-id=\"36464dd\" data-element_type=\"widget\" data-e-type=\"widget\" data-widget_type=\"heading.default\">\n\t\t\t\t<div class=\"elementor-widget-container\">\n\t\t\t\t\t<h2 class=\"elementor-heading-title elementor-size-default\">DREI DIENSTLEISTUNGEN, F\u00dcR DIE SIE NOCH HEUTE EIN KOSTENLOSES ANGEBOT ANFORDERN K\u00d6NNEN:<\/h2>\t\t\t\t<\/div>\n\t\t\t\t<\/div>\n\t\t\t\t<\/div>\n\t\t\t\t<\/div>\n\t\t<div class=\"elementor-element elementor-element-6fb1acb e-con-full e-flex e-con e-child\" data-id=\"6fb1acb\" data-element_type=\"container\" data-e-type=\"container\">\n\t\t<div class=\"elementor-element elementor-element-f501167 e-con-full e-flex e-con e-child\" data-id=\"f501167\" data-element_type=\"container\" data-e-type=\"container\">\n\t\t\t\t<div class=\"elementor-element elementor-element-e3f4e6f elementor-position-left elementor-vertical-align-middle elementor-widget elementor-widget-image-box\" data-id=\"e3f4e6f\" data-element_type=\"widget\" data-e-type=\"widget\" data-widget_type=\"image-box.default\">\n\t\t\t\t<div class=\"elementor-widget-container\">\n\t\t\t\t\t<div class=\"elementor-image-box-wrapper\"><figure class=\"elementor-image-box-img\"><img decoding=\"async\" src=\"https:\/\/giovanettihome.ch\/wp-content\/uploads\/sites\/178\/elementor\/thumbs\/Giovanettihome-Icon-7-qnh44ngjnoucvw9o9o5qjpzns1gb5uafpz1w25ncw4.png\" title=\"Giovanettihome-Icon-7.png\" alt=\"Giovanettihome-Icon-7.png\" loading=\"lazy\" \/><\/figure><\/div>\t\t\t\t<\/div>\n\t\t\t\t<\/div>\n\t\t\t\t<div class=\"elementor-element elementor-element-4ac160b elementor-widget elementor-widget-text-editor\" data-id=\"4ac160b\" data-element_type=\"widget\" data-e-type=\"widget\" data-widget_type=\"text-editor.default\">\n\t\t\t\t<div class=\"elementor-widget-container\">\n\t\t\t\t\t\t\t\t\t<p>1. Ma\u00dfgeschneidertes Design: Wir verwandeln Ihre Immobilie in einen einzigartigen Ort, der auf die Bed\u00fcrfnisse seiner Bewohner zugeschnitten ist. Mit unserer Liebe zum Detail und unserer Kreativit\u00e4t schaffen wir Projekte, die Ihre Erwartungen \u00fcbertreffen.<\/p>\t\t\t\t\t\t\t\t<\/div>\n\t\t\t\t<\/div>\n\t\t\t\t<\/div>\n\t\t<div class=\"elementor-element elementor-element-85ac445 e-con-full e-flex e-con e-child\" data-id=\"85ac445\" data-element_type=\"container\" data-e-type=\"container\">\n\t\t\t\t<div class=\"elementor-element elementor-element-12b99bb elementor-position-left elementor-vertical-align-middle elementor-widget elementor-widget-image-box\" data-id=\"12b99bb\" data-element_type=\"widget\" data-e-type=\"widget\" data-widget_type=\"image-box.default\">\n\t\t\t\t<div class=\"elementor-widget-container\">\n\t\t\t\t\t<div class=\"elementor-image-box-wrapper\"><figure class=\"elementor-image-box-img\"><img decoding=\"async\" src=\"https:\/\/giovanettihome.ch\/wp-content\/uploads\/sites\/178\/elementor\/thumbs\/Giovanettihome-Icon-8-qnh44pc81cwxj46xyoyzopikyt71l8hwe8cv0pkkjo.png\" title=\"Giovanettihome-Icon-8.png\" alt=\"Giovanettihome-Icon-8.png\" loading=\"lazy\" \/><\/figure><\/div>\t\t\t\t<\/div>\n\t\t\t\t<\/div>\n\t\t\t\t<div class=\"elementor-element elementor-element-ae50f27 elementor-widget elementor-widget-text-editor\" data-id=\"ae50f27\" data-element_type=\"widget\" data-e-type=\"widget\" data-widget_type=\"text-editor.default\">\n\t\t\t\t<div class=\"elementor-widget-container\">\n\t\t\t\t\t\t\t\t\t<p>2. Realisierung kompletter R\u00e4ume: Ob es sich um eine komplette Renovierung oder einen Neubau handelt, wir k\u00f6nnen uns um jeden Schritt des Prozesses k\u00fcmmern, vom Abriss bis zur Installation. Wir k\u00fcmmern uns um jeden Aspekt, von der Auswahl der Materialien bis zum Management der Lieferanten und Handwerker, um ein hochwertiges Endergebnis zu garantieren.<\/p>\t\t\t\t\t\t\t\t<\/div>\n\t\t\t\t<\/div>\n\t\t\t\t<\/div>\n\t\t<div class=\"elementor-element elementor-element-fce0328 e-con-full e-flex e-con e-child\" data-id=\"fce0328\" data-element_type=\"container\" data-e-type=\"container\">\n\t\t\t\t<div class=\"elementor-element elementor-element-8efea9b elementor-position-left elementor-vertical-align-middle elementor-widget elementor-widget-image-box\" data-id=\"8efea9b\" data-element_type=\"widget\" data-e-type=\"widget\" data-widget_type=\"image-box.default\">\n\t\t\t\t<div class=\"elementor-widget-container\">\n\t\t\t\t\t<div class=\"elementor-image-box-wrapper\"><figure class=\"elementor-image-box-img\"><img decoding=\"async\" src=\"https:\/\/giovanettihome.ch\/wp-content\/uploads\/sites\/178\/elementor\/thumbs\/Giovanettihome-Icon-9-qnh44qa286y7uq5kt7dm97a1k72esxlmqd0chzj6dg.png\" title=\"Giovanettihome-Icon-9.png\" alt=\"Giovanettihome-Icon-9.png\" loading=\"lazy\" \/><\/figure><\/div>\t\t\t\t<\/div>\n\t\t\t\t<\/div>\n\t\t\t\t<div class=\"elementor-element elementor-element-f219370 elementor-widget elementor-widget-text-editor\" data-id=\"f219370\" data-element_type=\"widget\" data-e-type=\"widget\" data-widget_type=\"text-editor.default\">\n\t\t\t\t<div class=\"elementor-widget-container\">\n\t\t\t\t\t\t\t\t\t<p>3. Kundendienst: Unsere Beziehung zu unseren Kunden endet nicht mit der Lieferung des Projekts. Wir bieten einen umfassenden Kundendienst, einschlie\u00dflich Wartung und Instandhaltung, um sicherzustellen, dass Ihre R\u00e4umlichkeiten \u00fcber lange Zeit in optimalem Zustand bleiben. Wir k\u00fcmmern uns auch um kleinere Reparaturen, routinem\u00e4\u00dfige Wartungsarbeiten und bieten Verwaltungs- und Reinigungsdienste an, um Ihre Umgebung in Bestform zu halten.<\/p>\t\t\t\t\t\t\t\t<\/div>\n\t\t\t\t<\/div>\n\t\t\t\t<\/div>\n\t\t\t\t<\/div>\n\t\t\t\t\t<\/div>\n\t\t\t\t<\/div>\n\t\t\t\t<\/div>\n\t\t","protected":false},"excerpt":{"rendered":"<p>ZUSAMMEN MIT UNS: Sie werden entdecken, wie die Auswahl und Kombination von Farben, Materialien und Stoffen sowie der bewusste Einsatz von Licht entscheidend sind, um jedem Raum in Ihrem Zuhause Charakter und Atmosph\u00e4re zu verleihen. Wir begleiten Sie bei der Gestaltung Ihres Zuhauses und zeigen Ihnen anhand von praktischen Beispielen, welche Schritte Sie unternehmen k\u00f6nnen, [&hellip;]<\/p>\n","protected":false},"author":10230,"featured_media":0,"parent":0,"menu_order":0,"comment_status":"closed","ping_status":"closed","template":"elementor_header_footer","meta":{"_seopress_robots_primary_cat":"","_seopress_titles_title":"","_seopress_titles_desc":"","_seopress_robots_index":"","footnotes":""},"class_list":["post-2971","page","type-page","status-publish","hentry"],"_links":{"self":[{"href":"https:\/\/giovanettihome.ch\/de\/wp-json\/wp\/v2\/pages\/2971","targetHints":{"allow":["GET"]}}],"collection":[{"href":"https:\/\/giovanettihome.ch\/de\/wp-json\/wp\/v2\/pages"}],"about":[{"href":"https:\/\/giovanettihome.ch\/de\/wp-json\/wp\/v2\/types\/page"}],"author":[{"embeddable":true,"href":"https:\/\/giovanettihome.ch\/de\/wp-json\/wp\/v2\/users\/10230"}],"replies":[{"embeddable":true,"href":"https:\/\/giovanettihome.ch\/de\/wp-json\/wp\/v2\/comments?post=2971"}],"version-history":[{"count":0,"href":"https:\/\/giovanettihome.ch\/de\/wp-json\/wp\/v2\/pages\/2971\/revisions"}],"wp:attachment":[{"href":"https:\/\/giovanettihome.ch\/de\/wp-json\/wp\/v2\/media?parent=2971"}],"curies":[{"name":"wp","href":"https:\/\/api.w.org\/{rel}","templated":true}]}}