{"id":2962,"date":"2024-10-19T07:59:06","date_gmt":"2024-10-19T11:59:06","guid":{"rendered":"https:\/\/giovanettihome.ch\/wo-wir-arbeiten\/"},"modified":"2025-04-15T00:55:19","modified_gmt":"2025-04-15T04:55:19","slug":"wo-wir-arbeiten","status":"publish","type":"page","link":"https:\/\/giovanettihome.ch\/de\/wo-wir-arbeiten\/","title":{"rendered":"Wo wir arbeiten"},"content":{"rendered":"\t\t<div data-elementor-type=\"wp-page\" data-elementor-id=\"2962\" class=\"elementor elementor-2962 elementor-558\" data-elementor-post-type=\"page\">\n\t\t\t\t<div class=\"elementor-element elementor-element-655c0ff e-flex e-con-boxed e-con e-parent\" data-id=\"655c0ff\" data-element_type=\"container\" data-e-type=\"container\" data-settings=\"{&quot;background_background&quot;:&quot;classic&quot;}\">\n\t\t\t\t\t<div class=\"e-con-inner\">\n\t\t<div class=\"elementor-element elementor-element-107497b e-con-full e-flex e-con e-child\" data-id=\"107497b\" data-element_type=\"container\" data-e-type=\"container\">\n\t\t<div class=\"elementor-element elementor-element-28232cb e-con-full e-flex e-con e-child\" data-id=\"28232cb\" data-element_type=\"container\" data-e-type=\"container\">\n\t\t\t\t<div class=\"elementor-element elementor-element-7567689 elementor-widget elementor-widget-text-editor\" data-id=\"7567689\" data-element_type=\"widget\" data-e-type=\"widget\" data-widget_type=\"text-editor.default\">\n\t\t\t\t<div class=\"elementor-widget-container\">\n\t\t\t\t\t\t\t\t\t<h5><strong>WO WIR T\u00c4TIG SIND<\/strong><\/h5><p>Unser Unternehmen, das sich in der Immobilienbranche bew\u00e4hrt hat, ist immer auf der Suche nach neuen M\u00f6glichkeiten und Herausforderungen. Gegenw\u00e4rtig sind wir haupts\u00e4chlich in der <b>Schweiz<\/b> und in <b>Norditalien<\/b> t\u00e4tig. In diesen Regionen verf\u00fcgen wir \u00fcber eine fundierte Marktkenntnis und ein solides Netzwerk an Kontakten.<\/p><p>In der <b>Schweiz<\/b> konzentrieren wir uns auf St\u00e4dte und Gemeinden mit hohem Immobilienentwicklungspotenzial. Dank der wirtschaftlichen Stabilit\u00e4t des Landes und der wachsenden Nachfrage nach Wohn- und Gewerbefl\u00e4chen haben wir zahlreiche erfolgreiche Projekte realisiert.<\/p><p>In <b>Norditalien<\/b> reichen unsere Interventionen von gro\u00dfen historischen Geb\u00e4uden bis hin zu modernen Bauten, immer mit dem Ziel, die Immobilien so umzugestalten und aufzuwerten, dass sie den Anforderungen des heutigen Marktes entsprechen.<\/p><p><strong>Erlebnisse ohne Grenzen<\/strong><\/p><p>Wir sind ein st\u00e4ndig wachsendes Unternehmen und unser Ehrgeiz treibt uns an, \u00fcberall Stellenangebote zu pr\u00fcfen. Jede neue Gelegenheit ist eine Chance, zu wachsen, zu lernen und sich an eine andere Marktdynamik anzupassen.<\/p><p>Unsere Philosophie ist es, jeder Herausforderung mit Offenheit und Flexibilit\u00e4t zu begegnen. Ob es sich um ein Projekt in einer gro\u00dfen Metropole oder einer kleinen Gemeinde handelt, wir glauben, dass jede Erfahrung unseren Hintergrund bereichert und es uns erm\u00f6glicht, unseren Kunden immer innovativere L\u00f6sungen anzubieten.  <\/p>\t\t\t\t\t\t\t\t<\/div>\n\t\t\t\t<\/div>\n\t\t\t\t<\/div>\n\t\t<div class=\"elementor-element elementor-element-b4dd028 e-con-full e-flex e-con e-child\" data-id=\"b4dd028\" data-element_type=\"container\" data-e-type=\"container\" data-settings=\"{&quot;background_background&quot;:&quot;classic&quot;}\">\n\t\t\t\t<div class=\"elementor-element elementor-element-df1ca88 elementor-widget elementor-widget-image\" data-id=\"df1ca88\" data-element_type=\"widget\" data-e-type=\"widget\" data-widget_type=\"image.default\">\n\t\t\t\t<div class=\"elementor-widget-container\">\n\t\t\t\t\t\t\t\t\t\t\t\t\t\t\t<img fetchpriority=\"high\" decoding=\"async\" width=\"1200\" height=\"960\" src=\"https:\/\/giovanettihome.ch\/wp-content\/uploads\/sites\/178\/2024\/10\/CASA-3AMore-CLT-Cabin_Drawings-2.jpg\" class=\"attachment-full size-full wp-image-1919\" alt=\"\" srcset=\"https:\/\/giovanettihome.ch\/wp-content\/uploads\/sites\/178\/2024\/10\/CASA-3AMore-CLT-Cabin_Drawings-2.jpg 1200w, https:\/\/giovanettihome.ch\/wp-content\/uploads\/sites\/178\/2024\/10\/CASA-3AMore-CLT-Cabin_Drawings-2-300x240.jpg 300w, https:\/\/giovanettihome.ch\/wp-content\/uploads\/sites\/178\/2024\/10\/CASA-3AMore-CLT-Cabin_Drawings-2-1024x819.jpg 1024w, https:\/\/giovanettihome.ch\/wp-content\/uploads\/sites\/178\/2024\/10\/CASA-3AMore-CLT-Cabin_Drawings-2-768x614.jpg 768w\" sizes=\"(max-width: 1200px) 100vw, 1200px\" \/>\t\t\t\t\t\t\t\t\t\t\t\t\t\t\t<\/div>\n\t\t\t\t<\/div>\n\t\t\t\t<\/div>\n\t\t\t\t<\/div>\n\t\t\t\t\t<\/div>\n\t\t\t\t<\/div>\n\t\t\t\t<\/div>\n\t\t","protected":false},"excerpt":{"rendered":"<p>Instandhaltung von Immobilien: Alles was Sie brauchen<\/p>\n","protected":false},"author":10230,"featured_media":0,"parent":0,"menu_order":0,"comment_status":"closed","ping_status":"closed","template":"elementor_header_footer","meta":{"_seopress_robots_primary_cat":"","_seopress_titles_title":"","_seopress_titles_desc":"","_seopress_robots_index":"","footnotes":""},"class_list":["post-2962","page","type-page","status-publish","hentry"],"_links":{"self":[{"href":"https:\/\/giovanettihome.ch\/de\/wp-json\/wp\/v2\/pages\/2962","targetHints":{"allow":["GET"]}}],"collection":[{"href":"https:\/\/giovanettihome.ch\/de\/wp-json\/wp\/v2\/pages"}],"about":[{"href":"https:\/\/giovanettihome.ch\/de\/wp-json\/wp\/v2\/types\/page"}],"author":[{"embeddable":true,"href":"https:\/\/giovanettihome.ch\/de\/wp-json\/wp\/v2\/users\/10230"}],"replies":[{"embeddable":true,"href":"https:\/\/giovanettihome.ch\/de\/wp-json\/wp\/v2\/comments?post=2962"}],"version-history":[{"count":0,"href":"https:\/\/giovanettihome.ch\/de\/wp-json\/wp\/v2\/pages\/2962\/revisions"}],"wp:attachment":[{"href":"https:\/\/giovanettihome.ch\/de\/wp-json\/wp\/v2\/media?parent=2962"}],"curies":[{"name":"wp","href":"https:\/\/api.w.org\/{rel}","templated":true}]}}