{"id":2953,"date":"2024-10-20T09:14:24","date_gmt":"2024-10-20T13:14:24","guid":{"rendered":"https:\/\/giovanettihome.ch\/was-wir-fuer-diejenigen-tun-die-eine-immobilie-zu-renovieren-haben\/"},"modified":"2025-04-05T09:35:10","modified_gmt":"2025-04-05T13:35:10","slug":"was-wir-fuer-diejenigen-tun-die-eine-immobilie-zu-renovieren-haben","status":"publish","type":"page","link":"https:\/\/giovanettihome.ch\/de\/was-wir-fuer-diejenigen-tun-die-eine-immobilie-zu-renovieren-haben\/","title":{"rendered":"Was wir f\u00fcr diejenigen tun, die eine Immobilie zu renovieren haben"},"content":{"rendered":"\t\t<div data-elementor-type=\"wp-page\" data-elementor-id=\"2953\" class=\"elementor elementor-2953 elementor-564\" data-elementor-post-type=\"page\">\n\t\t\t\t<div class=\"elementor-element elementor-element-0ff89b8 e-flex e-con-boxed e-con e-parent\" data-id=\"0ff89b8\" data-element_type=\"container\" data-e-type=\"container\" data-settings=\"{&quot;background_background&quot;:&quot;classic&quot;}\">\n\t\t\t\t\t<div class=\"e-con-inner\">\n\t\t<div class=\"elementor-element elementor-element-fe7268e e-con-full e-flex e-con e-child\" data-id=\"fe7268e\" data-element_type=\"container\" data-e-type=\"container\">\n\t\t<div class=\"elementor-element elementor-element-eff43c3 e-con-full e-flex e-con e-child\" data-id=\"eff43c3\" data-element_type=\"container\" data-e-type=\"container\">\n\t\t\t\t<div class=\"elementor-element elementor-element-f2abec8 elementor-widget elementor-widget-text-editor\" data-id=\"f2abec8\" data-element_type=\"widget\" data-e-type=\"widget\" data-widget_type=\"text-editor.default\">\n\t\t\t\t<div class=\"elementor-widget-container\">\n\t\t\t\t\t\t\t\t\t<h5 style=\"text-align: left\"><b>DIE<\/b> <b>METHODE<\/b> <b>JUNGE<\/b> <b>HOME:<\/b><\/h5>\t\t\t\t\t\t\t\t<\/div>\n\t\t\t\t<\/div>\n\t\t\t\t<div class=\"elementor-element elementor-element-904ef16 elementor-widget elementor-widget-text-editor\" data-id=\"904ef16\" data-element_type=\"widget\" data-e-type=\"widget\" data-widget_type=\"text-editor.default\">\n\t\t\t\t<div class=\"elementor-widget-container\">\n\t\t\t\t\t\t\t\t\t<p>Unsere Methode ist ein flexibler, nicht starrer Prozess, der sich st\u00e4ndig weiterentwickelt, um Verbesserungen und Anpassungen zu erm\u00f6glichen.<\/p><p>Dieser Prozess umfasst mehrere wichtige Schritte, wie zum Beispiel:<\/p><p>1. dem Kunden aufmerksam zuh\u00f6ren: Unser Coach und unser Architekt achten auf die Bed\u00fcrfnisse und W\u00fcnsche des Kunden, um die Erwartungen des Kunden bestm\u00f6glich zu verstehen.<\/p><p>2. die Erstellung eines Kundenprofils: Nachdem wir dem Kunden zugeh\u00f6rt haben, nehmen wir uns die Zeit, seine Pers\u00f6nlichkeit und seine spezifischen Bed\u00fcrfnisse zu verstehen.<\/p><p>3. studieren und vergleichen: Wir arbeiten zusammen, um den besten Vorschlag zu finden, den wir dem Kunden unterbreiten k\u00f6nnen, wobei wir verschiedene Optionen und L\u00f6sungen ber\u00fccksichtigen.<\/p><p>4. das Zeichnen von Pl\u00e4nen und Renderings: Wir erstellen detaillierte Zeichnungen und Renderings, um zu veranschaulichen, wie das Haus aussehen wird, was den Entscheidungsprozess erleichtert.<\/p><p>5. vollst\u00e4ndiger Entwurf: Wir entwickeln einen endg\u00fcltigen Entwurf, der eine genaue Einsch\u00e4tzung der Kosten und des Zeitaufwands f\u00fcr die Umsetzung enth\u00e4lt.<\/p><p>6.6. Bau des Hauses: Schlie\u00dflich beginnen wir mit dem Bau des Hauses, wobei wir uns an den Plan halten und darauf achten, dass wir den festgelegten Zeitplan und das Budget einhalten.<\/p><p>Zusammenfassend l\u00e4sst sich sagen, dass unsere Methode ein kooperativer und individueller Ansatz ist, der es uns erm\u00f6glicht, H\u00e4user zu bauen, die den Bed\u00fcrfnissen unserer Kunden voll und ganz entsprechen.<\/p>\t\t\t\t\t\t\t\t<\/div>\n\t\t\t\t<\/div>\n\t\t\t\t<\/div>\n\t\t<div class=\"elementor-element elementor-element-4e00889 e-con-full e-flex e-con e-child\" data-id=\"4e00889\" data-element_type=\"container\" data-e-type=\"container\" data-settings=\"{&quot;background_background&quot;:&quot;classic&quot;}\">\n\t\t\t\t<\/div>\n\t\t\t\t<\/div>\n\t\t\t\t\t<\/div>\n\t\t\t\t<\/div>\n\t\t<div class=\"elementor-element elementor-element-18ae7da e-flex e-con-boxed e-con e-parent\" data-id=\"18ae7da\" data-element_type=\"container\" data-e-type=\"container\">\n\t\t\t\t\t<div class=\"e-con-inner\">\n\t\t\t\t<div class=\"elementor-element elementor-element-1192cb2 elementor-widget-divider--view-line elementor-widget elementor-widget-divider\" data-id=\"1192cb2\" data-element_type=\"widget\" data-e-type=\"widget\" data-widget_type=\"divider.default\">\n\t\t\t\t<div class=\"elementor-widget-container\">\n\t\t\t\t\t\t\t<div class=\"elementor-divider\">\n\t\t\t<span class=\"elementor-divider-separator\">\n\t\t\t\t\t\t<\/span>\n\t\t<\/div>\n\t\t\t\t\t\t<\/div>\n\t\t\t\t<\/div>\n\t\t\t\t\t<\/div>\n\t\t\t\t<\/div>\n\t\t<div class=\"elementor-element elementor-element-efe2baa e-flex e-con-boxed e-con e-parent\" data-id=\"efe2baa\" data-element_type=\"container\" data-e-type=\"container\">\n\t\t\t\t\t<div class=\"e-con-inner\">\n\t\t<div class=\"elementor-element elementor-element-2a2e852 e-con-full e-flex e-con e-child\" data-id=\"2a2e852\" data-element_type=\"container\" data-e-type=\"container\">\n\t\t<div class=\"elementor-element elementor-element-a9ac39e e-con-full e-flex e-con e-child\" data-id=\"a9ac39e\" data-element_type=\"container\" data-e-type=\"container\">\n\t\t\t\t<div class=\"elementor-element elementor-element-a58cbf5 elementor-widget elementor-widget-heading\" data-id=\"a58cbf5\" data-element_type=\"widget\" data-e-type=\"widget\" data-widget_type=\"heading.default\">\n\t\t\t\t<div class=\"elementor-widget-container\">\n\t\t\t\t\t<h2 class=\"elementor-heading-title elementor-size-default\">DREI DIENSTLEISTUNGEN, F\u00dcR DIE SIE NOCH HEUTE EIN KOSTENLOSES ANGEBOT ANFORDERN K\u00d6NNEN:<\/h2>\t\t\t\t<\/div>\n\t\t\t\t<\/div>\n\t\t\t\t<\/div>\n\t\t\t\t<\/div>\n\t\t<div class=\"elementor-element elementor-element-a40fe42 e-con-full e-flex e-con e-child\" data-id=\"a40fe42\" data-element_type=\"container\" data-e-type=\"container\">\n\t\t<div class=\"elementor-element elementor-element-8bddf0c e-con-full e-flex e-con e-child\" data-id=\"8bddf0c\" data-element_type=\"container\" data-e-type=\"container\">\n\t\t\t\t<div class=\"elementor-element elementor-element-7ce848a elementor-position-left elementor-vertical-align-middle elementor-widget elementor-widget-image-box\" data-id=\"7ce848a\" data-element_type=\"widget\" data-e-type=\"widget\" data-widget_type=\"image-box.default\">\n\t\t\t\t<div class=\"elementor-widget-container\">\n\t\t\t\t\t<div class=\"elementor-image-box-wrapper\"><figure class=\"elementor-image-box-img\"><img decoding=\"async\" src=\"https:\/\/giovanettihome.ch\/wp-content\/uploads\/sites\/178\/elementor\/thumbs\/Giovanettihome-Icon-7-qnh44ngjnoucvw9o9o5qjpzns1gb5uafpz1w25ncw4.png\" title=\"Giovanettihome-Icon-7.png\" alt=\"Giovanettihome-Icon-7.png\" loading=\"lazy\" \/><\/figure><\/div>\t\t\t\t<\/div>\n\t\t\t\t<\/div>\n\t\t\t\t<div class=\"elementor-element elementor-element-511c5b4 elementor-widget elementor-widget-text-editor\" data-id=\"511c5b4\" data-element_type=\"widget\" data-e-type=\"widget\" data-widget_type=\"text-editor.default\">\n\t\t\t\t<div class=\"elementor-widget-container\">\n\t\t\t\t\t\t\t\t\t<p>1. Ma\u00dfgeschneidertes Design: Wir verwandeln Ihr Zuhause in einen einzigartigen Ort, der auf Ihre Bed\u00fcrfnisse zugeschnitten ist und Ihren Lebensstil widerspiegelt. Mit unserer Liebe zum Detail und unserer Kreativit\u00e4t schaffen wir Projekte, die Ihre Erwartungen \u00fcbertreffen.<\/p>\t\t\t\t\t\t\t\t<\/div>\n\t\t\t\t<\/div>\n\t\t\t\t<\/div>\n\t\t<div class=\"elementor-element elementor-element-033f1c5 e-con-full e-flex e-con e-child\" data-id=\"033f1c5\" data-element_type=\"container\" data-e-type=\"container\">\n\t\t\t\t<div class=\"elementor-element elementor-element-7ed68c5 elementor-position-left elementor-vertical-align-middle elementor-widget elementor-widget-image-box\" data-id=\"7ed68c5\" data-element_type=\"widget\" data-e-type=\"widget\" data-widget_type=\"image-box.default\">\n\t\t\t\t<div class=\"elementor-widget-container\">\n\t\t\t\t\t<div class=\"elementor-image-box-wrapper\"><figure class=\"elementor-image-box-img\"><img decoding=\"async\" src=\"https:\/\/giovanettihome.ch\/wp-content\/uploads\/sites\/178\/elementor\/thumbs\/Giovanettihome-Icon-8-qnh44pc81cwxj46xyoyzopikyt71l8hwe8cv0pkkjo.png\" title=\"Giovanettihome-Icon-8.png\" alt=\"Giovanettihome-Icon-8.png\" loading=\"lazy\" \/><\/figure><\/div>\t\t\t\t<\/div>\n\t\t\t\t<\/div>\n\t\t\t\t<div class=\"elementor-element elementor-element-ac4dffa elementor-widget elementor-widget-text-editor\" data-id=\"ac4dffa\" data-element_type=\"widget\" data-e-type=\"widget\" data-widget_type=\"text-editor.default\">\n\t\t\t\t<div class=\"elementor-widget-container\">\n\t\t\t\t\t\t\t\t\t<p>2. Realisierung kompletter Umgebungen: Ob es sich um eine komplette Renovierung oder einen Neubau handelt, wir k\u00f6nnen uns um jeden Schritt des Prozesses k\u00fcmmern, vom Abriss bis zur Installation der letzten Komponente. Wir k\u00fcmmern uns um jeden Aspekt, von der Auswahl der Materialien bis zum Management der Lieferanten und Handwerker, um ein hochwertiges Endergebnis zu garantieren.<\/p>\t\t\t\t\t\t\t\t<\/div>\n\t\t\t\t<\/div>\n\t\t\t\t<\/div>\n\t\t<div class=\"elementor-element elementor-element-6b9b317 e-con-full e-flex e-con e-child\" data-id=\"6b9b317\" data-element_type=\"container\" data-e-type=\"container\">\n\t\t\t\t<div class=\"elementor-element elementor-element-0eaab99 elementor-position-left elementor-vertical-align-middle elementor-widget elementor-widget-image-box\" data-id=\"0eaab99\" data-element_type=\"widget\" data-e-type=\"widget\" data-widget_type=\"image-box.default\">\n\t\t\t\t<div class=\"elementor-widget-container\">\n\t\t\t\t\t<div class=\"elementor-image-box-wrapper\"><figure class=\"elementor-image-box-img\"><img decoding=\"async\" src=\"https:\/\/giovanettihome.ch\/wp-content\/uploads\/sites\/178\/elementor\/thumbs\/Giovanettihome-Icon-9-qnh44qa286y7uq5kt7dm97a1k72esxlmqd0chzj6dg.png\" title=\"Giovanettihome-Icon-9.png\" alt=\"Giovanettihome-Icon-9.png\" loading=\"lazy\" \/><\/figure><\/div>\t\t\t\t<\/div>\n\t\t\t\t<\/div>\n\t\t\t\t<div class=\"elementor-element elementor-element-1e3a8cf elementor-widget elementor-widget-text-editor\" data-id=\"1e3a8cf\" data-element_type=\"widget\" data-e-type=\"widget\" data-widget_type=\"text-editor.default\">\n\t\t\t\t<div class=\"elementor-widget-container\">\n\t\t\t\t\t\t\t\t\t<p>3. Kundendienst: Unsere Beziehung zu unseren Kunden endet nicht mit der Lieferung des Projekts. Wir bieten einen umfassenden Kundendienst, einschlie\u00dflich Wartung und Instandhaltung, um sicherzustellen, dass Ihre R\u00e4umlichkeiten \u00fcber lange Zeit in optimalem Zustand bleiben. Wir k\u00fcmmern uns auch um kleinere Reparaturen, routinem\u00e4\u00dfige Wartungsarbeiten und bieten Verwaltungs- und Reinigungsdienste an, um Ihre Umgebung in Bestform zu halten.<\/p>\t\t\t\t\t\t\t\t<\/div>\n\t\t\t\t<\/div>\n\t\t\t\t<\/div>\n\t\t\t\t<\/div>\n\t\t\t\t\t<\/div>\n\t\t\t\t<\/div>\n\t\t\t\t<\/div>\n\t\t","protected":false},"excerpt":{"rendered":"<p>DIE METHODE JUNGE HOME: Unsere Methode ist ein flexibler, nicht starrer Prozess, der sich st\u00e4ndig weiterentwickelt, um Verbesserungen und Anpassungen zu erm\u00f6glichen. Dieser Prozess umfasst mehrere wichtige Schritte, wie zum Beispiel: 1. dem Kunden aufmerksam zuh\u00f6ren: Unser Coach und unser Architekt achten auf die Bed\u00fcrfnisse und W\u00fcnsche des Kunden, um die Erwartungen des Kunden bestm\u00f6glich [&hellip;]<\/p>\n","protected":false},"author":10230,"featured_media":0,"parent":0,"menu_order":0,"comment_status":"closed","ping_status":"closed","template":"elementor_header_footer","meta":{"_seopress_robots_primary_cat":"","_seopress_titles_title":"","_seopress_titles_desc":"","_seopress_robots_index":"","footnotes":""},"class_list":["post-2953","page","type-page","status-publish","hentry"],"_links":{"self":[{"href":"https:\/\/giovanettihome.ch\/de\/wp-json\/wp\/v2\/pages\/2953","targetHints":{"allow":["GET"]}}],"collection":[{"href":"https:\/\/giovanettihome.ch\/de\/wp-json\/wp\/v2\/pages"}],"about":[{"href":"https:\/\/giovanettihome.ch\/de\/wp-json\/wp\/v2\/types\/page"}],"author":[{"embeddable":true,"href":"https:\/\/giovanettihome.ch\/de\/wp-json\/wp\/v2\/users\/10230"}],"replies":[{"embeddable":true,"href":"https:\/\/giovanettihome.ch\/de\/wp-json\/wp\/v2\/comments?post=2953"}],"version-history":[{"count":0,"href":"https:\/\/giovanettihome.ch\/de\/wp-json\/wp\/v2\/pages\/2953\/revisions"}],"wp:attachment":[{"href":"https:\/\/giovanettihome.ch\/de\/wp-json\/wp\/v2\/media?parent=2953"}],"curies":[{"name":"wp","href":"https:\/\/api.w.org\/{rel}","templated":true}]}}