{"id":2952,"date":"2024-06-23T09:45:03","date_gmt":"2024-06-23T13:45:03","guid":{"rendered":"https:\/\/giovanettihome.ch\/unsere-vision\/"},"modified":"2025-04-14T14:57:36","modified_gmt":"2025-04-14T18:57:36","slug":"unsere-vision","status":"publish","type":"page","link":"https:\/\/giovanettihome.ch\/de\/unsere-vision\/","title":{"rendered":"Unsere Vision"},"content":{"rendered":"\t\t<div data-elementor-type=\"wp-page\" data-elementor-id=\"2952\" class=\"elementor elementor-2952 elementor-443\" data-elementor-post-type=\"page\">\n\t\t\t\t<div class=\"elementor-element elementor-element-b30b0ca e-flex e-con-boxed e-con e-parent\" data-id=\"b30b0ca\" data-element_type=\"container\" data-e-type=\"container\" data-settings=\"{&quot;background_background&quot;:&quot;classic&quot;}\">\n\t\t\t\t\t<div class=\"e-con-inner\">\n\t\t<div class=\"elementor-element elementor-element-f54ba15 e-con-full e-flex e-con e-child\" data-id=\"f54ba15\" data-element_type=\"container\" data-e-type=\"container\">\n\t\t<div class=\"elementor-element elementor-element-557d9bf e-con-full e-flex e-con e-child\" data-id=\"557d9bf\" data-element_type=\"container\" data-e-type=\"container\">\n\t\t\t\t<div class=\"elementor-element elementor-element-5a85ef1 elementor-widget elementor-widget-text-editor\" data-id=\"5a85ef1\" data-element_type=\"widget\" data-e-type=\"widget\" data-widget_type=\"text-editor.default\">\n\t\t\t\t<div class=\"elementor-widget-container\">\n\t\t\t\t\t\t\t\t\t<h5>UNSERE VISION:<\/h5>\t\t\t\t\t\t\t\t<\/div>\n\t\t\t\t<\/div>\n\t\t\t\t<div class=\"elementor-element elementor-element-b63d0f8 elementor-widget elementor-widget-text-editor\" data-id=\"b63d0f8\" data-element_type=\"widget\" data-e-type=\"widget\" data-widget_type=\"text-editor.default\">\n\t\t\t\t<div class=\"elementor-widget-container\">\n\t\t\t\t\t\t\t\t\t<p style=\"text-align: left\">Wir sind der Meinung, dass es beim Bau Ihres eigenen Hauses nicht ausreicht, den Rat von Architektur- und Designprofis einzuholen. Obwohl dies ein verst\u00e4ndlicher Ansatz ist, da Fachleute \u00fcber F\u00e4higkeiten und Kenntnisse verf\u00fcgen, die den Bau- oder Renovierungsprozess wesentlich reibungsloser gestalten k\u00f6nnen, gibt es einen entscheidenden Punkt zu beachten: <strong>Das Haus muss widerspiegeln, wer darin wohnt, nicht nur die Vorlieben oder den Stil des Fachmanns.<\/strong><\/p><p style=\"text-align: left\">Im Designprozess besteht oft die Gefahr, dass eine Vision durchgesetzt wird, die manchmal weit von der des Eigent\u00fcmers entfernt ist. Dies kann zu R\u00e4umen f\u00fchren, die zwar \u00e4sthetisch ansprechend sind, aber nicht das Wesen ihrer Bewohner vermitteln. Das Zuhause sollte eine Erweiterung der eigenen Pers\u00f6nlichkeit sein, ein Refugium, das von uns, unserem Geschmack und unserem Lebensstil erz\u00e4hlt.<\/p><p style=\"text-align: left\">Stellen Sie sich vor, Sie tragen ein Kleid, das Sie nicht repr\u00e4sentiert: Egal wie hochmodisch es ist, Sie werden sich irgendwann unwohl f\u00fchlen. Jedes Mal, wenn Sie Ihren Kleiderschrank \u00f6ffnen, spiegelt Ihre Wahl wider, wer Sie sind. Die gleiche Logik gilt f\u00fcr Ihr Haus. Eine Umgebung, in der man sich rundum wohl f\u00fchlt, ist das Ergebnis bewusster Entscheidungen, nicht von \u00e4u\u00dferen Zw\u00e4ngen.<\/p><p style=\"text-align: left\">Die Bedeutung des Ausdrucks der eigenen Pers\u00f6nlichkeit durch R\u00e4ume, Kleidung und Gegenst\u00e4nde ist offensichtlich. Die Kleidung, die wir w\u00e4hlen, ist zum Beispiel nicht nur ein Mittel, um uns zu bedecken, sondern auch eine Erweiterung unserer Identit\u00e4t. Wenn wir etwas tragen, von dem wir glauben, dass es uns geh\u00f6rt, k\u00f6nnen wir der Welt mit Selbstvertrauen begegnen. Ebenso wird ein Zuhause, das unsere Pers\u00f6nlichkeit widerspiegelt, zu einem Refugium, in dem wir uns willkommen und repr\u00e4sentiert f\u00fchlen.<\/p><p style=\"text-align: left\">Zusammenfassend l\u00e4sst sich sagen: Bei der Auswahl von Materialien, M\u00f6beln und Farben ist es wichtig, die eigene Pers\u00f6nlichkeit zum Ausdruck zu bringen. Lassen Sie sich nicht von Trends oder aufgezwungenen Stilen beeinflussen, sondern suchen Sie nach M\u00f6glichkeiten, Ihr Zuhause zu einem einzigartigen Ort zu machen, der Ihr Wesen widerspiegelt und in dem Sie sich zu Hause f\u00fchlen. Denn jeder Raum kann eine Geschichte erz\u00e4hlen, und die wichtigste Geschichte ist Ihre.<\/p>\t\t\t\t\t\t\t\t<\/div>\n\t\t\t\t<\/div>\n\t\t\t\t<div class=\"elementor-element elementor-element-87ffc68 elementor-widget elementor-widget-text-editor\" data-id=\"87ffc68\" data-element_type=\"widget\" data-e-type=\"widget\" data-widget_type=\"text-editor.default\">\n\t\t\t\t<div class=\"elementor-widget-container\">\n\t\t\t\t\t\t\t\t\t<p style=\"text-align: left\"><strong><span style=\"color: #000000\">Unsere Aufgabe ist es, praktische und funktionale R\u00e4ume zu schaffen, die Ihre Pers\u00f6nlichkeit widerspiegeln und den Anforderungen Ihres Lebensstils gerecht werden.<\/span><\/strong><\/p>\t\t\t\t\t\t\t\t<\/div>\n\t\t\t\t<\/div>\n\t\t\t\t<div class=\"elementor-element elementor-element-3c6ee48 elementor-widget elementor-widget-text-editor\" data-id=\"3c6ee48\" data-element_type=\"widget\" data-e-type=\"widget\" data-widget_type=\"text-editor.default\">\n\t\t\t\t<div class=\"elementor-widget-container\">\n\t\t\t\t\t\t\t\t\t<p style=\"text-align: left\">F\u00fcr uns <strong>beginnt<\/strong> die Schaffung von R\u00e4umen, die die Einzigartigkeit derjenigen widerspiegeln, die sie bewohnen <strong>, mit einem erfahrenen Coach, der Ihre Pers\u00f6nlichkeit zu interpretieren wei\u00df<\/strong>. Gemeinsam mit Architekten, Designern, Handwerkern und Installateuren verfolgen wir einen innovativen und ma\u00dfgeschneiderten Ansatz, um einzigartige und unverwechselbare Umgebungen zu schaffen. <strong>Eine v\u00f6llig neue Art der Gestaltung, die Sie selbst in den Mittelpunkt stellt.<\/strong><\/p>\t\t\t\t\t\t\t\t<\/div>\n\t\t\t\t<\/div>\n\t\t\t\t<div class=\"elementor-element elementor-element-ec3e343 elementor-widget elementor-widget-spacer\" data-id=\"ec3e343\" data-element_type=\"widget\" data-e-type=\"widget\" data-widget_type=\"spacer.default\">\n\t\t\t\t<div class=\"elementor-widget-container\">\n\t\t\t\t\t\t\t<div class=\"elementor-spacer\">\n\t\t\t<div class=\"elementor-spacer-inner\"><\/div>\n\t\t<\/div>\n\t\t\t\t\t\t<\/div>\n\t\t\t\t<\/div>\n\t\t\t\t<div class=\"elementor-element elementor-element-03f87ef elementor-widget elementor-widget-heading\" data-id=\"03f87ef\" data-element_type=\"widget\" data-e-type=\"widget\" data-widget_type=\"heading.default\">\n\t\t\t\t<div class=\"elementor-widget-container\">\n\t\t\t\t\t<h2 class=\"elementor-heading-title elementor-size-default\">KONTAKTIEREN SIE UNS, UM HERAUSZUFINDEN WIE!<\/h2>\t\t\t\t<\/div>\n\t\t\t\t<\/div>\n\t\t\t\t<div class=\"elementor-element elementor-element-376d341 elementor-widget elementor-widget-spacer\" data-id=\"376d341\" data-element_type=\"widget\" data-e-type=\"widget\" data-widget_type=\"spacer.default\">\n\t\t\t\t<div class=\"elementor-widget-container\">\n\t\t\t\t\t\t\t<div class=\"elementor-spacer\">\n\t\t\t<div class=\"elementor-spacer-inner\"><\/div>\n\t\t<\/div>\n\t\t\t\t\t\t<\/div>\n\t\t\t\t<\/div>\n\t\t\t\t<div class=\"elementor-element elementor-element-0812baa elementor-align-start elementor-icon-list--layout-traditional elementor-list-item-link-full_width elementor-widget elementor-widget-icon-list\" data-id=\"0812baa\" data-element_type=\"widget\" data-e-type=\"widget\" data-widget_type=\"icon-list.default\">\n\t\t\t\t<div class=\"elementor-widget-container\">\n\t\t\t\t\t\t\t<ul class=\"elementor-icon-list-items\">\n\t\t\t\t\t\t\t<li class=\"elementor-icon-list-item\">\n\t\t\t\t\t\t\t\t\t\t\t<span class=\"elementor-icon-list-icon\">\n\t\t\t\t\t\t\t<svg aria-hidden=\"true\" class=\"e-font-icon-svg e-fas-phone\" viewBox=\"0 0 512 512\" xmlns=\"http:\/\/www.w3.org\/2000\/svg\"><path d=\"M493.4 24.6l-104-24c-11.3-2.6-22.9 3.3-27.5 13.9l-48 112c-4.2 9.8-1.4 21.3 6.9 28l60.6 49.6c-36 76.7-98.9 140.5-177.2 177.2l-49.6-60.6c-6.8-8.3-18.2-11.1-28-6.9l-112 48C3.9 366.5-2 378.1.6 389.4l24 104C27.1 504.2 36.7 512 48 512c256.1 0 464-207.5 464-464 0-11.2-7.7-20.9-18.6-23.4z\"><\/path><\/svg>\t\t\t\t\t\t<\/span>\n\t\t\t\t\t\t\t\t\t\t<span class=\"elementor-icon-list-text\">+41 91 980 07 11<\/span>\n\t\t\t\t\t\t\t\t\t<\/li>\n\t\t\t\t\t\t\t\t<li class=\"elementor-icon-list-item\">\n\t\t\t\t\t\t\t\t\t\t\t<span class=\"elementor-icon-list-icon\">\n\t\t\t\t\t\t\t<svg aria-hidden=\"true\" class=\"e-font-icon-svg e-fab-whatsapp\" viewBox=\"0 0 448 512\" xmlns=\"http:\/\/www.w3.org\/2000\/svg\"><path d=\"M380.9 97.1C339 55.1 283.2 32 223.9 32c-122.4 0-222 99.6-222 222 0 39.1 10.2 77.3 29.6 111L0 480l117.7-30.9c32.4 17.7 68.9 27 106.1 27h.1c122.3 0 224.1-99.6 224.1-222 0-59.3-25.2-115-67.1-157zm-157 341.6c-33.2 0-65.7-8.9-94-25.7l-6.7-4-69.8 18.3L72 359.2l-4.4-7c-18.5-29.4-28.2-63.3-28.2-98.2 0-101.7 82.8-184.5 184.6-184.5 49.3 0 95.6 19.2 130.4 54.1 34.8 34.9 56.2 81.2 56.1 130.5 0 101.8-84.9 184.6-186.6 184.6zm101.2-138.2c-5.5-2.8-32.8-16.2-37.9-18-5.1-1.9-8.8-2.8-12.5 2.8-3.7 5.6-14.3 18-17.6 21.8-3.2 3.7-6.5 4.2-12 1.4-32.6-16.3-54-29.1-75.5-66-5.7-9.8 5.7-9.1 16.3-30.3 1.8-3.7.9-6.9-.5-9.7-1.4-2.8-12.5-30.1-17.1-41.2-4.5-10.8-9.1-9.3-12.5-9.5-3.2-.2-6.9-.2-10.6-.2-3.7 0-9.7 1.4-14.8 6.9-5.1 5.6-19.4 19-19.4 46.3 0 27.3 19.9 53.7 22.6 57.4 2.8 3.7 39.1 59.7 94.8 83.8 35.2 15.2 49 16.5 66.6 13.9 10.7-1.6 32.8-13.4 37.4-26.4 4.6-13 4.6-24.1 3.2-26.4-1.3-2.5-5-3.9-10.5-6.6z\"><\/path><\/svg>\t\t\t\t\t\t<\/span>\n\t\t\t\t\t\t\t\t\t\t<span class=\"elementor-icon-list-text\">+41 76 626 91 71<\/span>\n\t\t\t\t\t\t\t\t\t<\/li>\n\t\t\t\t\t\t\t\t<li class=\"elementor-icon-list-item\">\n\t\t\t\t\t\t\t\t\t\t\t<span class=\"elementor-icon-list-icon\">\n\t\t\t\t\t\t\t<svg aria-hidden=\"true\" class=\"e-font-icon-svg e-far-envelope-open\" viewBox=\"0 0 512 512\" xmlns=\"http:\/\/www.w3.org\/2000\/svg\"><path d=\"M494.586 164.516c-4.697-3.883-111.723-89.95-135.251-108.657C337.231 38.191 299.437 0 256 0c-43.205 0-80.636 37.717-103.335 55.859-24.463 19.45-131.07 105.195-135.15 108.549A48.004 48.004 0 0 0 0 201.485V464c0 26.51 21.49 48 48 48h416c26.51 0 48-21.49 48-48V201.509a48 48 0 0 0-17.414-36.993zM464 458a6 6 0 0 1-6 6H54a6 6 0 0 1-6-6V204.347c0-1.813.816-3.526 2.226-4.665 15.87-12.814 108.793-87.554 132.364-106.293C200.755 78.88 232.398 48 256 48c23.693 0 55.857 31.369 73.41 45.389 23.573 18.741 116.503 93.493 132.366 106.316a5.99 5.99 0 0 1 2.224 4.663V458zm-31.991-187.704c4.249 5.159 3.465 12.795-1.745 16.981-28.975 23.283-59.274 47.597-70.929 56.863C336.636 362.283 299.205 400 256 400c-43.452 0-81.287-38.237-103.335-55.86-11.279-8.967-41.744-33.413-70.927-56.865-5.21-4.187-5.993-11.822-1.745-16.981l15.258-18.528c4.178-5.073 11.657-5.843 16.779-1.726 28.618 23.001 58.566 47.035 70.56 56.571C200.143 320.631 232.307 352 256 352c23.602 0 55.246-30.88 73.41-45.389 11.994-9.535 41.944-33.57 70.563-56.568 5.122-4.116 12.601-3.346 16.778 1.727l15.258 18.526z\"><\/path><\/svg>\t\t\t\t\t\t<\/span>\n\t\t\t\t\t\t\t\t\t\t<span class=\"elementor-icon-list-text\">info@giovanettihome.ch<\/span>\n\t\t\t\t\t\t\t\t\t<\/li>\n\t\t\t\t\t\t\t\t<li class=\"elementor-icon-list-item\">\n\t\t\t\t\t\t\t\t\t\t\t<span class=\"elementor-icon-list-icon\">\n\t\t\t\t\t\t\t<svg aria-hidden=\"true\" class=\"e-font-icon-svg e-fas-map-marker-alt\" viewBox=\"0 0 384 512\" xmlns=\"http:\/\/www.w3.org\/2000\/svg\"><path d=\"M172.268 501.67C26.97 291.031 0 269.413 0 192 0 85.961 85.961 0 192 0s192 85.961 192 192c0 77.413-26.97 99.031-172.268 309.67-9.535 13.774-29.93 13.773-39.464 0zM192 272c44.183 0 80-35.817 80-80s-35.817-80-80-80-80 35.817-80 80 35.817 80 80 80z\"><\/path><\/svg>\t\t\t\t\t\t<\/span>\n\t\t\t\t\t\t\t\t\t\t<span class=\"elementor-icon-list-text\">F\u00dcR ITALIEN:<\/span>\n\t\t\t\t\t\t\t\t\t<\/li>\n\t\t\t\t\t\t\t\t<li class=\"elementor-icon-list-item\">\n\t\t\t\t\t\t\t\t\t\t\t<span class=\"elementor-icon-list-icon\">\n\t\t\t\t\t\t\t<svg aria-hidden=\"true\" class=\"e-font-icon-svg e-fas-phone\" viewBox=\"0 0 512 512\" xmlns=\"http:\/\/www.w3.org\/2000\/svg\"><path d=\"M493.4 24.6l-104-24c-11.3-2.6-22.9 3.3-27.5 13.9l-48 112c-4.2 9.8-1.4 21.3 6.9 28l60.6 49.6c-36 76.7-98.9 140.5-177.2 177.2l-49.6-60.6c-6.8-8.3-18.2-11.1-28-6.9l-112 48C3.9 366.5-2 378.1.6 389.4l24 104C27.1 504.2 36.7 512 48 512c256.1 0 464-207.5 464-464 0-11.2-7.7-20.9-18.6-23.4z\"><\/path><\/svg>\t\t\t\t\t\t<\/span>\n\t\t\t\t\t\t\t\t\t\t<span class=\"elementor-icon-list-text\">+39 02 3031 6708<\/span>\n\t\t\t\t\t\t\t\t\t<\/li>\n\t\t\t\t\t\t<\/ul>\n\t\t\t\t\t\t<\/div>\n\t\t\t\t<\/div>\n\t\t\t\t<\/div>\n\t\t<div class=\"elementor-element elementor-element-3e1945e e-con-full e-flex e-con e-child\" data-id=\"3e1945e\" data-element_type=\"container\" data-e-type=\"container\" data-settings=\"{&quot;background_background&quot;:&quot;classic&quot;}\">\n\t\t\t\t<\/div>\n\t\t\t\t<\/div>\n\t\t\t\t\t<\/div>\n\t\t\t\t<\/div>\n\t\t\t\t<\/div>\n\t\t","protected":false},"excerpt":{"rendered":"<p>Instandhaltung von Immobilien: Alles was Sie brauchen<\/p>\n","protected":false},"author":10230,"featured_media":1623,"parent":0,"menu_order":0,"comment_status":"closed","ping_status":"closed","template":"elementor_header_footer","meta":{"_seopress_robots_primary_cat":"","_seopress_titles_title":"","_seopress_titles_desc":"","_seopress_robots_index":"","footnotes":""},"class_list":["post-2952","page","type-page","status-publish","has-post-thumbnail","hentry"],"_links":{"self":[{"href":"https:\/\/giovanettihome.ch\/de\/wp-json\/wp\/v2\/pages\/2952","targetHints":{"allow":["GET"]}}],"collection":[{"href":"https:\/\/giovanettihome.ch\/de\/wp-json\/wp\/v2\/pages"}],"about":[{"href":"https:\/\/giovanettihome.ch\/de\/wp-json\/wp\/v2\/types\/page"}],"author":[{"embeddable":true,"href":"https:\/\/giovanettihome.ch\/de\/wp-json\/wp\/v2\/users\/10230"}],"replies":[{"embeddable":true,"href":"https:\/\/giovanettihome.ch\/de\/wp-json\/wp\/v2\/comments?post=2952"}],"version-history":[{"count":0,"href":"https:\/\/giovanettihome.ch\/de\/wp-json\/wp\/v2\/pages\/2952\/revisions"}],"wp:featuredmedia":[{"embeddable":true,"href":"https:\/\/giovanettihome.ch\/de\/wp-json\/wp\/v2\/media\/1623"}],"wp:attachment":[{"href":"https:\/\/giovanettihome.ch\/de\/wp-json\/wp\/v2\/media?parent=2952"}],"curies":[{"name":"wp","href":"https:\/\/api.w.org\/{rel}","templated":true}]}}