{"id":2950,"date":"2024-05-31T07:50:35","date_gmt":"2024-05-31T11:50:35","guid":{"rendered":"https:\/\/giovanettihome.ch\/ueber-uns\/"},"modified":"2025-04-14T14:52:27","modified_gmt":"2025-04-14T18:52:27","slug":"ueber-uns","status":"publish","type":"page","link":"https:\/\/giovanettihome.ch\/de\/ueber-uns\/","title":{"rendered":"\u00dcber uns"},"content":{"rendered":"\t\t<div data-elementor-type=\"wp-page\" data-elementor-id=\"2950\" class=\"elementor elementor-2950 elementor-107\" data-elementor-post-type=\"page\">\n\t\t\t\t<div class=\"elementor-element elementor-element-eebf51e e-flex e-con-boxed e-con e-parent\" data-id=\"eebf51e\" data-element_type=\"container\" data-e-type=\"container\" data-settings=\"{&quot;background_background&quot;:&quot;classic&quot;}\">\n\t\t\t\t\t<div class=\"e-con-inner\">\n\t\t<div class=\"elementor-element elementor-element-ae2a2e0 e-con-full e-flex e-con e-child\" data-id=\"ae2a2e0\" data-element_type=\"container\" data-e-type=\"container\">\n\t\t<div class=\"elementor-element elementor-element-a75aafc e-con-full e-flex e-con e-child\" data-id=\"a75aafc\" data-element_type=\"container\" data-e-type=\"container\">\n\t\t\t\t<div class=\"elementor-element elementor-element-39c37c0 elementor-widget elementor-widget-text-editor\" data-id=\"39c37c0\" data-element_type=\"widget\" data-e-type=\"widget\" data-widget_type=\"text-editor.default\">\n\t\t\t\t<div class=\"elementor-widget-container\">\n\t\t\t\t\t\t\t\t\t<h5 style=\"text-align: left\">WER WIR SIND:<\/h5>\t\t\t\t\t\t\t\t<\/div>\n\t\t\t\t<\/div>\n\t\t\t\t<div class=\"elementor-element elementor-element-96ac1c0 elementor-widget elementor-widget-text-editor\" data-id=\"96ac1c0\" data-element_type=\"widget\" data-e-type=\"widget\" data-widget_type=\"text-editor.default\">\n\t\t\t\t<div class=\"elementor-widget-container\">\n\t\t\t\t\t\t\t\t\t<p><span style=\"color: #333333\">Wir sind ein multidisziplin\u00e4res Team von Experten auf verschiedenen Gebieten:<\/span><\/p><p><span style=\"color: #333333\">Ein <strong>Life-Coach<\/strong>, der den Bed\u00fcrfnissen unserer Kunden zuh\u00f6rt und sie interpretiert, sowie <strong>Architekten<\/strong>, <strong>Innenarchitekten und Planer<\/strong>, die zusammen mit <strong>Handwerkern<\/strong> und <strong>Installateuren<\/strong> synergetisch zusammenarbeiten, um einen schl\u00fcsselfertigen Service anzubieten.<\/span><\/p><p><span style=\"color: #333333\">Bei Giovanetti Homehaben wir die F\u00e4higkeit, Lebensr\u00e4ume in einzigartige Spiegelungen der Pers\u00f6nlichkeit unserer Kunden zu verwandeln. Seit 1989 verbinden wir unsere Leidenschaft f\u00fcr Design mit einem pers\u00f6nlichen und innovativen Ansatz. <\/span><\/p><p><span style=\"color: #333333\"><strong>Unsere St\u00e4rken:<\/strong><\/span><\/p><p><span style=\"color: #333333\"><strong>Sechsunddrei\u00dfig Jahre<\/strong> Erfahrung: Mit mehr als drei Jahrzehnten Erfahrung in der Bau- und Renovierungsbranche haben wir uns ein einzigartiges Fachwissen angeeignet, das es uns erm\u00f6glicht, jedes Projekt mit Professionalit\u00e4t und Pr\u00e4zision anzugehen.  <\/span><\/p><p><span style=\"color: #333333\"><strong>\u00c4sthetisches Feingef\u00fchl<\/strong>: Unsere F\u00e4higkeit, Sch\u00f6nheit auch an den unerwartetsten Orten zu erkennen, erm\u00f6glicht es uns, Visionen in die Realit\u00e4t umzusetzen. Jedes Projekt ist ein Kunstwerk, das die \u00c4sthetik und den Lebensstil unserer Kunden widerspiegeln muss. <\/span><\/p><p><span style=\"color: #333333\"><strong>Ausgew\u00e4hltes Partnernetzwerk<\/strong>: Wir arbeiten mit Lieferanten und Herstellern hochwertiger Komponenten zusammen und stellen so sicher, dass jedes Element des Hauses den h\u00f6chsten Anspr\u00fcchen an Qualit\u00e4t und Design gerecht wird. So k\u00f6nnen wir ma\u00dfgeschneiderte L\u00f6sungen anbieten, die den spezifischen Bed\u00fcrfnissen unserer Kunden entsprechen. <\/span><\/p><p><span style=\"color: #333333\"><strong>Menschlicher und gemeinschaftlicher Ansatz<\/strong>: Wir glauben fest daran, dass H\u00e4user Geschichten erz\u00e4hlen. Bevor wir einen Raum entwerfen, nehmen wir uns Zeit, um das Leben, die Werte und die Tr\u00e4ume derjenigen zu verstehen, die ihn bewohnen werden. Dieser Ansatz erm\u00f6glicht es uns, H\u00e4user zu entwerfen, die funktional, gem\u00fctlich und in perfekter Harmonie mit den Menschen sind, die darin leben.  <\/span><\/p><p><span style=\"color: #333333\"><strong>Innovation und nachhaltige Qualit\u00e4t<\/strong>: Wir setzen uns f\u00fcr die Erforschung umweltfreundlicher Materialien und Bautechniken ein, ohne dabei Kompromisse bei Qualit\u00e4t und \u00c4sthetik einzugehen. Unsere L\u00f6sungen sind auf Langlebigkeit ausgelegt und tragen zu einer nachhaltigeren Zukunft bei. <\/span><\/p><p><span style=\"color: #000000\"><strong><em><span style=\"vertical-align: inherit\">Das Team von GiovanettiHome<\/span><\/em><\/strong><\/span><\/p>\t\t\t\t\t\t\t\t<\/div>\n\t\t\t\t<\/div>\n\t\t\t\t<\/div>\n\t\t<div class=\"elementor-element elementor-element-cff748f e-con-full e-flex e-con e-child\" data-id=\"cff748f\" data-element_type=\"container\" data-e-type=\"container\" data-settings=\"{&quot;background_background&quot;:&quot;classic&quot;}\">\n\t\t\t\t<\/div>\n\t\t\t\t<\/div>\n\t\t\t\t\t<\/div>\n\t\t\t\t<\/div>\n\t\t\t\t<\/div>\n\t\t","protected":false},"excerpt":{"rendered":"<p>WER WIR SIND: Wir sind ein multidisziplin\u00e4res Team von Experten auf verschiedenen Gebieten: Ein Life-Coach, der den Bed\u00fcrfnissen unserer Kunden zuh\u00f6rt und sie interpretiert, sowie Architekten, Innenarchitekten und Planer, die zusammen mit Handwerkern und Installateuren synergetisch zusammenarbeiten, um einen schl\u00fcsselfertigen Service anzubieten. Bei Giovanetti Homehaben wir die F\u00e4higkeit, Lebensr\u00e4ume in einzigartige Spiegelungen der Pers\u00f6nlichkeit unserer [&hellip;]<\/p>\n","protected":false},"author":2,"featured_media":0,"parent":0,"menu_order":0,"comment_status":"closed","ping_status":"closed","template":"elementor_header_footer","meta":{"_seopress_robots_primary_cat":"","_seopress_titles_title":"","_seopress_titles_desc":"","_seopress_robots_index":"","footnotes":""},"class_list":["post-2950","page","type-page","status-publish","hentry"],"_links":{"self":[{"href":"https:\/\/giovanettihome.ch\/de\/wp-json\/wp\/v2\/pages\/2950","targetHints":{"allow":["GET"]}}],"collection":[{"href":"https:\/\/giovanettihome.ch\/de\/wp-json\/wp\/v2\/pages"}],"about":[{"href":"https:\/\/giovanettihome.ch\/de\/wp-json\/wp\/v2\/types\/page"}],"author":[{"embeddable":true,"href":"https:\/\/giovanettihome.ch\/de\/wp-json\/wp\/v2\/users\/2"}],"replies":[{"embeddable":true,"href":"https:\/\/giovanettihome.ch\/de\/wp-json\/wp\/v2\/comments?post=2950"}],"version-history":[{"count":0,"href":"https:\/\/giovanettihome.ch\/de\/wp-json\/wp\/v2\/pages\/2950\/revisions"}],"wp:attachment":[{"href":"https:\/\/giovanettihome.ch\/de\/wp-json\/wp\/v2\/media?parent=2950"}],"curies":[{"name":"wp","href":"https:\/\/api.w.org\/{rel}","templated":true}]}}